{"id":87,"date":"2019-10-28T21:14:03","date_gmt":"2019-10-28T20:14:03","guid":{"rendered":"https:\/\/www.4pluspublications.com\/?post_type=product&#038;p=87"},"modified":"2024-10-04T15:36:41","modified_gmt":"2024-10-04T13:36:41","slug":"mkm144001-mig-19s-farmer-c-warsaw-pact","status":"publish","type":"product","link":"https:\/\/www.4pluspublications.com\/en\/produkt\/mkm144001-mig-19s-farmer-c-warsaw-pact\/","title":{"rendered":"[MKM144001] MiG-19S Farmer C \u2018Warsaw Pact\u2019"},"content":{"rendered":"<p>The MiG-19 was the first Soviet supersonic fighter developed in the early 1950s. Its definitive clear-weather variant, the MiG-19S, meant a true leap forward in comparison to any other jet fighter of the time and it took the then Soviet Air Force into the world of radar and missiles. It was a single-seat, all-metal monoplane powered by two Mikulin RD-9B turbojets and designed for interception, close air support and limited fighter-bomber roles.<\/p>\n<p>The MiG-19S\u2019s were supplied only to three WarPac countries, Bulgaria, East Germany and Czechoslovakia, with the latter country also building this type under licence. Outside Europe the Soviet Union delivered a number MiG-19S\u2019s to Afghanistan, the League of Arab Nations (Egypt and Syria), Indonesia, Iraq, North Korea and North Vietnam, while other air forces around the world were supplied by the Chinese J-6\/F-6 aircraft.<\/p>\n<p>&nbsp;<\/p>\n<p><strong><span style=\"color: #0000ff;\">Colour schemes included in the kit:<\/span><\/strong><\/p>\n<p>1) MiG-19S (S-105) Farmer C, Black 0103 (c\/n 950103), 1st Sq. 9th Fighter Regiment, Czechoslovak Air Force (vojensk\u00e9 letectvo \u010cSLA), Bechyn\u011b Air Base, June 1961<\/p>\n<p>2) MiG-19S Farmer C, Blue 36, VVS USSR (Soviet Air Force), East Germany, 1960<\/p>\n<p>3) MiG-19S Farmer C, Red 495 (c\/n 61211225), 1\/JG-3 (1. Staffel Jagdfliegergeschwader 3) \u2018Wladimir Komarow\u2019, East German Air Force (LSK\/LV DDR \u2013 Luftstreitkr\u00e4fte und Luftverteidigung der DDR), Preschen Air Base, Brandenburg, 1967<\/p>\n<p>4) MiG-19S Farmer C, Red 11, 19th IAP, Bulgarian Air Force (Bolgarski Voyenno Vozdushni Sily), Graf Ignatievo Air Base, 1958<\/p>\n<p>&nbsp;<\/p>\n<p><span style=\"color: #008000;\"><strong>Assembly instructions:<\/strong><\/span><\/p>\n<p><img loading=\"lazy\" decoding=\"async\" class=\"alignnone wp-image-710\" src=\"http:\/\/www.4pluspublications.com\/wp-content\/uploads\/2021\/05\/pdf-download.jpg\" alt=\"\" width=\"60\" height=\"58\" \/><\/p>\n<p><a href=\"http:\/\/www.4pluspublications.com\/wp-content\/uploads\/2021\/06\/MKM14401-MiG-19S_instr-web.pdf\" target=\"_blank\" rel=\"noopener\">MKM14401 MiG-19S_instr web<\/a><\/p>\n<p><!-- [ngg src=\"tags\" ids=\"14401,MiG-19\" display=\"basic_thumbnail\" thumbnail_crop=\"0\"] --><\/p>\n","protected":false},"excerpt":{"rendered":"<p><span style=\"color: #0000ff;\"><strong>RELEASED 4\/2013<\/strong><\/span><\/p>\n<p><strong><span style=\"color: #ff0000;\">SOLD OUT<br \/>\n<\/span><\/strong><\/p>\n<p>This injection-moulded kit contains 27 parts, one clear part (the cockpit canopy) and four resin parts. A comprehensive decal sheet is included.<\/p>\n<p>&nbsp;<\/p>\n<p><span style=\"color: #ff00ff;\"><strong>Have you already visited our gallery?<\/strong><\/span><\/p>\n<p><img loading=\"lazy\" decoding=\"async\" class=\"alignnone wp-image-1134\" src=\"http:\/\/www.4pluspublications.com\/wp-content\/uploads\/2021\/06\/smiley-camera-270x300.png\" alt=\"\" width=\"80\" height=\"89\" \/><\/p>\n<p>[<a href=\"https:\/\/www.4pluspublications.com\/en\/produkt\/model-photo-gallery-mig-19s-farmer-c\/\">model<\/a>] 1:144 MiG-19S<\/p>\n<p>&nbsp;<\/p>\n<p><span style=\"color: #800080;\"><strong>Have you checked our reference material &#8211; a 4+ monograph?<br \/>\n<\/strong><\/span><\/p>\n<p><img loading=\"lazy\" decoding=\"async\" class=\"alignnone wp-image-1188\" src=\"http:\/\/www.4pluspublications.com\/wp-content\/uploads\/2021\/06\/smiley-reading.png\" alt=\"\" width=\"75\" height=\"72\" \/><\/p>\n<p>[<a href=\"https:\/\/www.4pluspublications.com\/en\/produkt\/4017-mig-19-19s-farmer-a-c-day-interceptor-two-seat-variants\/\">4+017<\/a>] MiG-19 &#038; 19S Farmer A &#038; C Day Interceptor &#038; Two-seat variants<\/p>\n<p>&nbsp;<\/p>\n","protected":false},"featured_media":1102,"template":"","meta":[],"product_brand":[],"product_cat":[39],"product_tag":[72,27],"class_list":{"0":"post-87","1":"product","2":"type-product","3":"status-publish","4":"has-post-thumbnail","6":"product_cat-144kitjet","7":"product_tag-plakitjet","8":"product_tag-plakit","10":"first","11":"outofstock","12":"shipping-taxable","13":"product-type-simple"},"jetpack_sharing_enabled":true,"_links":{"self":[{"href":"https:\/\/www.4pluspublications.com\/en\/wp-json\/wp\/v2\/product\/87","targetHints":{"allow":["GET"]}}],"collection":[{"href":"https:\/\/www.4pluspublications.com\/en\/wp-json\/wp\/v2\/product"}],"about":[{"href":"https:\/\/www.4pluspublications.com\/en\/wp-json\/wp\/v2\/types\/product"}],"wp:featuredmedia":[{"embeddable":true,"href":"https:\/\/www.4pluspublications.com\/en\/wp-json\/wp\/v2\/media\/1102"}],"wp:attachment":[{"href":"https:\/\/www.4pluspublications.com\/en\/wp-json\/wp\/v2\/media?parent=87"}],"wp:term":[{"taxonomy":"product_brand","embeddable":true,"href":"https:\/\/www.4pluspublications.com\/en\/wp-json\/wp\/v2\/product_brand?post=87"},{"taxonomy":"product_cat","embeddable":true,"href":"https:\/\/www.4pluspublications.com\/en\/wp-json\/wp\/v2\/product_cat?post=87"},{"taxonomy":"product_tag","embeddable":true,"href":"https:\/\/www.4pluspublications.com\/en\/wp-json\/wp\/v2\/product_tag?post=87"}],"curies":[{"name":"wp","href":"https:\/\/api.w.org\/{rel}","templated":true}]}}