{"id":8592,"date":"2026-01-19T15:59:22","date_gmt":"2026-01-19T14:59:22","guid":{"rendered":"https:\/\/www.4pluspublications.com\/en\/?post_type=product&#038;p=8592"},"modified":"2026-02-04T15:41:03","modified_gmt":"2026-02-04T14:41:03","slug":"mkm144198-dhc-6-twin-otter-on-wheels-skis-and-floats","status":"publish","type":"product","link":"https:\/\/www.4pluspublications.com\/en\/produkt\/mkm144198-dhc-6-twin-otter-on-wheels-skis-and-floats\/","title":{"rendered":"[MKM144198] DHC-6 Twin Otter \u2018On wheels, skis and floats\u2019"},"content":{"rendered":"<p>The DHC-6 Twin Otter is a Canadian utility aircraft developed by de Havilland Canada in the mid-1960s. Built from 1965 to 1988, its production was restarted once again in 2008 by Viking Air. The first flight was conducted in May 1965 and the aircraft were produced within four series (100, 200, 300 and 400). The Series 200 production began in 1968, the 300s in 1969 and a total 844 Twin Otters had been built by the time the first production run ended in 1988. In July 2010, the first 400-series aircraft were delivered, while the last &#8211; so far the 156th (and the 1,000th) Twin Otter &#8211; flew in January 2026.<br \/>\nThe Twin Otter is an all-metal high wing monoplane, powered by two P&#038;WC PT6A turboprop engines each driving a three-bladed propeller. The aircraft carries a pilot, co-pilot, and typically 18-20 passengers. The Series 200 aircraft included a longer nose for larger baggage compartment (except for aircraft fitted with floats) and improved Short Take-Off and Landing (STOL) characteristics, the 300 and 400-series Twin Otters were fitted with more powerful engines. It could be delivered on floats, skis or with tricycle landing gear, making them adaptable bush planes for remote areas.<br \/>\nWith its very good STOL capabilities, it became a successful commuter airliner as well as a cargo and medical evacuation aircraft. In addition, the aircraft has been popular with skydiving operators, both civil and military. The Twin Otters were, and still are, in local airline service around the world, while a number of air forces also use them, including the CAF\/RCAF, the USAF, and those of Argentina, Chile, France, Guatemala, Norway and Peru.<\/p>\n<p>&nbsp;<\/p>\n<p><span style=\"color: #0000ff;\"><strong>Colour schemes included in the kit:<\/strong><\/span><\/p>\n<p>1) de Havilland Canada DHC-6 (Series 100) Twin Otter, N125SA (MSN 104), \u2018Skydive Perris\u2019, Perris Valley Aviation Services Inc., Perris Valley Airport, California, U.S.A., 2018-25<\/p>\n<p>2) de Havilland Canada DHC-6 (Series 100) Twin Otter, C-GGAW (MSN 86), \u2018608\u02bc, West Coast Air, Victoria Inner Harbour Airport, British Columbia, Canada, 1999-2000<\/p>\n<p>3) de Havilland Canada DHC-6 (Series 300) Twin Otter, TF-JMC (MSN 413), \u2018Air Iceland\u2019, Flugf\u00e9lag \u00cdslands, Reykjav\u00edk Airport, Iceland, during The British Kangerdlugssuaq Expedition to East Greenland, July 2005<\/p>\n<p>&nbsp;<\/p>\n<p><span style=\"color: #008000;\"><strong>Assembly instructions:<\/strong><\/span><\/p>\n<p><img loading=\"lazy\" decoding=\"async\" class=\"alignnone size-full wp-image-3909\" src=\"https:\/\/www.4pluspublications.com\/wp-content\/uploads\/2023\/04\/pdf-download-e1702217383990.jpg\" alt=\"\" width=\"60\" height=\"58\" \/><\/p>\n<p><a href=\"https:\/\/www.4pluspublications.com\/wp-content\/uploads\/2026\/01\/MKM144198-DHC-6-On-Wheels-Skis-and-Floats_instr-web.pdf\" target=\"_blank\" rel=\"noopener\">MKM144198 DHC-6 On Wheels, Skis and Floats_instr web<\/a><\/p>\n","protected":false},"excerpt":{"rendered":"<p><span style=\"color: #0000ff;\"><strong>RELEASED 2\/2026<\/strong><\/span><\/p>\n<p>This injection-moulded kit contains 65 parts. A comprehensive decal sheet is included. The rear side of the box now comprises the representation of a tarmac section of the airfield which can be cut out and used as a display base for the assembled model.<\/p>\n<p>&nbsp;<\/p>\n<p><img loading=\"lazy\" decoding=\"async\" class=\"alignnone size-full wp-image-4678\" src=\"https:\/\/www.4pluspublications.com\/wp-content\/uploads\/2023\/11\/smiley-click-here-moving_p1.jpg\" alt=\"\" width=\"60\" height=\"95\" \/><\/p>\n<p><span style=\"color: #ff0000;\"><a style=\"color: #ff0000;\" href=\"https:\/\/www.eshop.miniwing.cz\/category\/mark-i-models\/mark-i-models-1-144\/dhc-6-twin-otter-on-wheels-skis-and-floats\/\" target=\"_blank\" rel=\"noopener\"><strong>On-line order <\/strong><\/a><\/span>(MARK I Modeller\u02bcs Boutique via Miniwing\u02bcs e-shop)<\/p>\n<p><img loading=\"lazy\" decoding=\"async\" class=\"alignnone size-medium wp-image-7089\" src=\"https:\/\/www.4pluspublications.com\/wp-content\/uploads\/2025\/02\/platebni-brany-300x87.jpg\" alt=\"\" width=\"300\" height=\"87\" srcset=\"https:\/\/www.4pluspublications.com\/wp-content\/uploads\/2025\/02\/platebni-brany-300x87.jpg 300w, https:\/\/www.4pluspublications.com\/wp-content\/uploads\/2025\/02\/platebni-brany-768x223.jpg 768w, https:\/\/www.4pluspublications.com\/wp-content\/uploads\/2025\/02\/platebni-brany-600x175.jpg 600w, https:\/\/www.4pluspublications.com\/wp-content\/uploads\/2025\/02\/platebni-brany.jpg 1000w\" sizes=\"auto, (max-width: 300px) 100vw, 300px\" \/><\/p>\n<p>&nbsp;<\/p>\n","protected":false},"featured_media":8486,"template":"","meta":[],"product_brand":[],"product_cat":[40,69,103],"product_tag":[75,27,73],"class_list":{"0":"post-8592","1":"product","2":"type-product","3":"status-publish","4":"has-post-thumbnail","6":"product_cat-144linkit","7":"product_cat-144kitprop","8":"product_cat-kitnew","9":"product_tag-plakitairline","10":"product_tag-plakit","11":"product_tag-plakitprop","13":"first","14":"instock","15":"shipping-taxable","16":"product-type-simple"},"jetpack_sharing_enabled":true,"_links":{"self":[{"href":"https:\/\/www.4pluspublications.com\/en\/wp-json\/wp\/v2\/product\/8592","targetHints":{"allow":["GET"]}}],"collection":[{"href":"https:\/\/www.4pluspublications.com\/en\/wp-json\/wp\/v2\/product"}],"about":[{"href":"https:\/\/www.4pluspublications.com\/en\/wp-json\/wp\/v2\/types\/product"}],"wp:featuredmedia":[{"embeddable":true,"href":"https:\/\/www.4pluspublications.com\/en\/wp-json\/wp\/v2\/media\/8486"}],"wp:attachment":[{"href":"https:\/\/www.4pluspublications.com\/en\/wp-json\/wp\/v2\/media?parent=8592"}],"wp:term":[{"taxonomy":"product_brand","embeddable":true,"href":"https:\/\/www.4pluspublications.com\/en\/wp-json\/wp\/v2\/product_brand?post=8592"},{"taxonomy":"product_cat","embeddable":true,"href":"https:\/\/www.4pluspublications.com\/en\/wp-json\/wp\/v2\/product_cat?post=8592"},{"taxonomy":"product_tag","embeddable":true,"href":"https:\/\/www.4pluspublications.com\/en\/wp-json\/wp\/v2\/product_tag?post=8592"}],"curies":[{"name":"wp","href":"https:\/\/api.w.org\/{rel}","templated":true}]}}