{"id":8331,"date":"2025-11-13T12:53:25","date_gmt":"2025-11-13T11:53:25","guid":{"rendered":"https:\/\/www.4pluspublications.com\/en\/?post_type=product&#038;p=8331"},"modified":"2025-11-26T21:13:49","modified_gmt":"2025-11-26T20:13:49","slug":"paint-schemes-of-the-avia-s-199-in-czechoslovak-af-pt-2","status":"publish","type":"product","link":"https:\/\/www.4pluspublications.com\/en\/produkt\/paint-schemes-of-the-avia-s-199-in-czechoslovak-af-pt-2\/","title":{"rendered":"Paint schemes of the Avia S-199 in Czechoslovak AF, Pt. 2"},"content":{"rendered":"<p><img loading=\"lazy\" decoding=\"async\" class=\"alignnone size-full wp-image-3909\" src=\"https:\/\/www.4pluspublications.com\/wp-content\/uploads\/2023\/04\/pdf-download-e1702217383990.jpg\" alt=\"\" width=\"60\" height=\"58\" \/><\/p>\n<p><span style=\"color: #0000ff;\"><a style=\"color: #0000ff;\" href=\"https:\/\/www.4pluspublications.com\/wp-content\/uploads\/2025\/11\/INFO_2022-09_EN_S-199-CM_2.pdf\" target=\"_blank\" rel=\"noopener\">S-199 C&#038;M_2_web<\/a><\/span><\/p>\n","protected":false},"excerpt":{"rendered":"<ul>\n<li>Author: Michal Ov\u010d\u00e1\u010d\u00edk<\/li>\n<\/ul>\n<p>&nbsp;<\/p>\n","protected":false},"featured_media":8324,"template":"","meta":[],"product_brand":[],"product_cat":[105],"product_tag":[108],"class_list":{"0":"post-8331","1":"product","2":"type-product","3":"status-publish","4":"has-post-thumbnail","6":"product_cat-refmat","7":"product_tag-refmat","9":"first","10":"onbackorder","11":"shipping-taxable","12":"product-type-simple"},"jetpack_sharing_enabled":true,"_links":{"self":[{"href":"https:\/\/www.4pluspublications.com\/en\/wp-json\/wp\/v2\/product\/8331","targetHints":{"allow":["GET"]}}],"collection":[{"href":"https:\/\/www.4pluspublications.com\/en\/wp-json\/wp\/v2\/product"}],"about":[{"href":"https:\/\/www.4pluspublications.com\/en\/wp-json\/wp\/v2\/types\/product"}],"wp:featuredmedia":[{"embeddable":true,"href":"https:\/\/www.4pluspublications.com\/en\/wp-json\/wp\/v2\/media\/8324"}],"wp:attachment":[{"href":"https:\/\/www.4pluspublications.com\/en\/wp-json\/wp\/v2\/media?parent=8331"}],"wp:term":[{"taxonomy":"product_brand","embeddable":true,"href":"https:\/\/www.4pluspublications.com\/en\/wp-json\/wp\/v2\/product_brand?post=8331"},{"taxonomy":"product_cat","embeddable":true,"href":"https:\/\/www.4pluspublications.com\/en\/wp-json\/wp\/v2\/product_cat?post=8331"},{"taxonomy":"product_tag","embeddable":true,"href":"https:\/\/www.4pluspublications.com\/en\/wp-json\/wp\/v2\/product_tag?post=8331"}],"curies":[{"name":"wp","href":"https:\/\/api.w.org\/{rel}","templated":true}]}}