{"id":7965,"date":"2025-08-28T15:46:51","date_gmt":"2025-08-28T13:46:51","guid":{"rendered":"https:\/\/www.4pluspublications.com\/en\/?post_type=product&#038;p=7965"},"modified":"2026-01-25T22:00:15","modified_gmt":"2026-01-25T21:00:15","slug":"mkm144184-messerschmitt-bf-109g-6-eastern-front","status":"publish","type":"product","link":"https:\/\/www.4pluspublications.com\/en\/produkt\/mkm144184-messerschmitt-bf-109g-6-eastern-front\/","title":{"rendered":"[MKM144184] Messerschmitt Bf 109G-6 \u2018Eastern Front\u2019"},"content":{"rendered":"<p>The Messerschmitt Bf 109 was a German fighter aircraft designed in the mid-1930s and it represented the first modern fighter of the era. Originally conceived as an interceptor, later models were developed to fulfil various roles, such as bomber escort, fighter-bomber, day and night fighter, ground-attack or reconnaissance. Various armament modifications evolved in service, using pre-packaged conversion or field kits. The aircraft was of an all-metal monocoque construction, featuring an enclosed canopy and a retractable landing gear.<br \/>\nThe G-series aircraft were introduced in mid-1942. The initial variants differed only in minor details from its predecessor, the Bf 109F, most notably in the more powerful engine. The even-numbered variants were air superiority fighters and fighter-bombers. The first Bf 109G-6s appeared in February 1943 and were fitted with DB 605A engines, two MG 131 guns and a single MG 151\/20 gun in the nose. Initially the aircraft featured framed canopy, larger main wheels with corresponding (smaller) wing bulges, and lower tail fin.<br \/>\nThe most common Bf 109G-6 light fighter variants included: G-6\/R2 recce fighter, G-6\/R3 long-range recce fighter (with a drop tank), G-6\/R6 fighter (MG 151\/20 cannons in underwing gondolas), G-6\/trop fighter, G-6\/U4 fighter (equipped with an engine-mounted MK 108 cannon), G-6\/AS high-altitude fighter (with DB 605AS) and G-6N night fighter.<br \/>\nIn total, more than 5,000 early Bf 109G-6 series aircraft had been produced by October 1943 by Erla, Messerschmitt, WNF and also Hungarian Gy\u00f6r factories.<br \/>\nThe Bf 109 was the most produced fighter aircraft in the aviation history, and besides the German Luftwaffe it served in many other air forces and gallantly fought in all aerial combats of WWII.<\/p>\n<p>&nbsp;<\/p>\n<p><span style=\"color: #0000ff;\"><strong>Colour schemes included in the kit:<\/strong><\/span><\/p>\n<p>1) \u00a0 Messerschmitt Bf 109G-6\/R1 (W.Nr. unknown), Gruppenstab of I.\/JG 51 (Fighter Squadron), Luftwaffe, Orscha airfield, Belarus, the Soviet Union, early 1944<\/p>\n<p>2) \u00a0 Messerschmitt Bf 109G-6 (Erla-built), Black 5, 8.\/JG 51 (Fighter Squadron), Luftwaffe, Pinsk airfield, Belarus, the Soviet Union, July 1944<\/p>\n<p>3) \u00a0 Messerschmitt Bf 109G-6\/trop (Erla-built), MT-416\/Yellow 6 (W.Nr. 411704), 3.\/HLeLv 34 (Fighter Squadron), Finnish Air Force (Ilmavoimat), Kymi airfield, Finland, May 1944<\/p>\n<p>4) \u00a0 Messerschmitt Bf 109Ga-6 (Gy\u00f6r-built), Black V.853 (W.Nr. 95431), 5.\/101 \u2018Puma\u2019 vad\u00e1szsz\u00e1zad (Fighter Squadron), Royal Hungarian Air Force (Magyar Kir\u00e1lyi Honv\u00e9d L\u00e9gier\u0151), Veszpr\u00e9m\/Nord airfield, Hungary, summer 1944<\/p>\n<p>&nbsp;<\/p>\n<p><span style=\"color: #008000;\"><strong>Assembly instructions:<\/strong><\/span><\/p>\n<p><img loading=\"lazy\" decoding=\"async\" class=\"alignnone size-full wp-image-3909\" src=\"https:\/\/www.4pluspublications.com\/wp-content\/uploads\/2023\/04\/pdf-download-e1702217383990.jpg\" alt=\"\" width=\"60\" height=\"58\" \/><\/p>\n<p><a href=\"https:\/\/www.4pluspublications.com\/wp-content\/uploads\/2025\/08\/MKM144184-Bf-109G-6-Eastern-Front_instr-web.pdf\" target=\"_blank\" rel=\"noopener\">MKM144184 Bf 109G-6 Eastern Front_instr web<\/a><\/p>\n","protected":false},"excerpt":{"rendered":"<p><span style=\"color: #0000ff;\"><strong>RELEASED 9\/2025<\/strong><\/span><\/p>\n<p>Two injection-moulded kits are supplied in this box and each kit contains 29 parts and one clear part (the cockpit canopy). A comprehensive instruction leaflet and a decal sheet are included.<\/p>\n<p>NOTE: these kits were re-designed and new masters were made. The cockpit canopies were 3D designed and made by injection moulding into a metal mould.<\/p>\n<p>&nbsp;<\/p>\n<p><img loading=\"lazy\" decoding=\"async\" class=\"alignnone size-full wp-image-4678\" src=\"https:\/\/www.4pluspublications.com\/wp-content\/uploads\/2023\/11\/smiley-click-here-moving_p1.jpg\" alt=\"\" width=\"60\" height=\"95\" \/><\/p>\n<p><span style=\"color: #ff0000;\"><strong><a style=\"color: #ff0000;\" href=\"https:\/\/www.eshop.miniwing.cz\/category\/mark-i-models\/mark-i-models-1-144\/messerschmitt-bf-109g-6-eastern-front\/\" target=\"_blank\" rel=\"noopener\">On-line order<\/a><\/strong><\/span> (MARK I Modeller\u02bcs Boutique via Miniwing\u02bcs e-shop)<\/p>\n<p><img loading=\"lazy\" decoding=\"async\" class=\"alignnone size-medium wp-image-7089\" src=\"https:\/\/www.4pluspublications.com\/wp-content\/uploads\/2025\/02\/platebni-brany-300x87.jpg\" alt=\"\" width=\"300\" height=\"87\" srcset=\"https:\/\/www.4pluspublications.com\/wp-content\/uploads\/2025\/02\/platebni-brany-300x87.jpg 300w, https:\/\/www.4pluspublications.com\/wp-content\/uploads\/2025\/02\/platebni-brany-768x223.jpg 768w, https:\/\/www.4pluspublications.com\/wp-content\/uploads\/2025\/02\/platebni-brany-600x175.jpg 600w, https:\/\/www.4pluspublications.com\/wp-content\/uploads\/2025\/02\/platebni-brany.jpg 1000w\" sizes=\"auto, (max-width: 300px) 100vw, 300px\" \/><\/p>\n<p>&nbsp;<\/p>\n<p><span style=\"color: #ff6600;\"><strong>Curious about related product(s)?<\/strong><\/span><\/p>\n<p><img loading=\"lazy\" decoding=\"async\" class=\"alignnone size-full wp-image-4712\" src=\"https:\/\/www.4pluspublications.com\/wp-content\/uploads\/2023\/11\/smiley-thinking-curious_r.jpg\" alt=\"\" width=\"77\" height=\"95\" \/><\/p>\n<p>[<span style=\"color: #0000ff;\"><a style=\"color: #0000ff;\" href=\"https:\/\/www.brengun.cz\/e-shop\/1-144-accessories-19\/luftwaffe-seats-582\" target=\"_blank\" rel=\"noopener\">BRL144001<\/a><\/span>] Luftwaffe seats<\/p>\n<p>[<span style=\"color: #0000ff;\"><a style=\"color: #0000ff;\" href=\"https:\/\/www.brengun.cz\/e-shop\/1-144-accessories-19\/luftwaffe-seat-belts-585\" target=\"_blank\" rel=\"noopener\">BRL144004<\/a><\/span>] Luftwaffe seat belts<\/p>\n<p>[<span style=\"color: #0000ff;\"><a style=\"color: #0000ff;\" href=\"https:\/\/www.brengun.cz\/e-shop\/1-144-accessories-19\/sc50-german-aerial-bombs-600\" target=\"_blank\" rel=\"noopener\">BRL144019<\/a><\/span>] SC50 German aerial bombs<\/p>\n<p>[<span style=\"color: #0000ff;\"><a style=\"color: #0000ff;\" href=\"https:\/\/www.brengun.cz\/e-shop\/1-144-accessories-19\/sc250-german-aerial-bombs-601\" target=\"_blank\" rel=\"noopener\">BRL144020<\/a><\/span>] SC250 German aerial bombs<\/p>\n<p>[<span style=\"color: #0000ff;\"><a style=\"color: #0000ff;\" href=\"https:\/\/www.brengun.cz\/e-shop\/1-144-accessories-19\/sc500-german-aerial-bombs-602\" target=\"_blank\" rel=\"noopener\">BRL144021<\/a><\/span>] SC500 German aerial bombs<\/p>\n<p>[<span style=\"color: #0000ff;\"><a style=\"color: #0000ff;\" href=\"https:\/\/www.brengun.cz\/e-shop\/1-144-accessories-19\/german-300l-fuel-tanks-603\" target=\"_blank\" rel=\"noopener\">BRL144022<\/a><\/span>] German 300l Fuel tanks<\/p>\n<p>[<span style=\"color: #0000ff;\"><a style=\"color: #0000ff;\" href=\"https:\/\/www.brengun.cz\/e-shop\/1-144-accessories-19\/luftwaffe-wheel-chocks-(10pcs)-698\" target=\"_blank\" rel=\"noopener\">BRL144033<\/a><\/span>] Luftwaffe wheel chocks<\/p>\n<p>[<span style=\"color: #0000ff;\"><a style=\"color: #0000ff;\" href=\"https:\/\/www.brengun.cz\/e-shop\/1-144-accessories-19\/messerschmitt-bf-109-g-wheels-set-(2-sets)-1960\" target=\"_blank\" rel=\"noopener\">BRL144183<\/a><\/span>] Bf 109G wheel set (designed to be used with Mark I Models kits)<\/p>\n<p>[<span style=\"color: #0000ff;\"><a style=\"color: #0000ff;\" href=\"https:\/\/www.4pluspublications.com\/en\/produkt\/mka14407-grassy-surface\/\" target=\"_blank\" rel=\"noopener\">MKA14407<\/a><\/span>] Grassy Surface<\/p>\n<p>[<span style=\"color: #0000ff;\"><a style=\"color: #0000ff;\" href=\"https:\/\/www.4pluspublications.com\/en\/produkt\/mka14411-wwii-luftwaffe-base-small-square-concrete-panels\/\" target=\"_blank\" rel=\"noopener\">MKA14411<\/a><\/span>] WWII Luftwaffe Base \u2013 small (square concrete panels)<\/p>\n<p>[<span style=\"color: #0000ff;\"><a style=\"color: #0000ff;\" href=\"https:\/\/www.hannants.co.uk\/product\/SD-V4401?result-token=8uugd\" target=\"_blank\" rel=\"noopener\">SD-V4401<\/a><\/span>] Bf 109 vacu canopy (designed to be used with Mark I Models kits)<\/p>\n<p>[<span style=\"color: #0000ff;\"><a style=\"color: #0000ff;\" href=\"https:\/\/www.hannants.co.uk\/product\/SD-R4405?result-token=yc1h4\" target=\"_blank\" rel=\"noopener\">SD-R4405<\/a><\/span>] Bf-109 cockpit &#038; vacu canopy (designed to be used with MARK I Models kits)<\/p>\n<p>[<span style=\"color: #0000ff;\"><a style=\"color: #0000ff;\" href=\"https:\/\/www.hannants.co.uk\/product\/SD-R4435?result-token=8N5V9\" target=\"_blank\" rel=\"noopener\">SD-R4435<\/a><\/span>] Bf 109G\/K main undercarriage &#8211; 2 sets (designed to be used with Mark I Models kits)<\/p>\n<p>[<span style=\"color: #0000ff;\"><a style=\"color: #0000ff;\" href=\"https:\/\/www.hannants.co.uk\/product\/SD-R4436?result-token=8N5V9\" target=\"_blank\" rel=\"noopener\">SD-R4436<\/a><\/span>] Bf 109G\/K cockpit &#8211; 2 sets (designed to be used with Mark I Models kits)<\/p>\n<p>[<span style=\"color: #0000ff;\"><a style=\"color: #0000ff;\" href=\"https:\/\/www.hannants.co.uk\/product\/SD-R4437?result-token=8N5V9\" target=\"_blank\" rel=\"noopener\">SD-R4437<\/a><\/span>] Bf 109G\/K external stores Pt.1 (4x SC50, 1x SC250, 1x fuselage bomb carrier, 2x underwing cannon pod &#8211; 2 sets, designed to be used with Mark I Models kits)<\/p>\n<p>[<span style=\"color: #0000ff;\"><a style=\"color: #0000ff;\" href=\"https:\/\/www.hannants.co.uk\/product\/SD-R4438?result-token=8N5V9\" target=\"_blank\" rel=\"noopener\">SD-R4438<\/a><\/span>] Bf 109G\/K\/Avia S-199 external stores Pt.2 (8x SC50, 1x fuselage bomb carrier &#8211; 2 sets, designed to be used with Mark I Models kits)<\/p>\n<p>&nbsp;<\/p>\n","protected":false},"featured_media":7855,"template":"","meta":[],"product_brand":[],"product_cat":[69,103],"product_tag":[27,73],"class_list":{"0":"post-7965","1":"product","2":"type-product","3":"status-publish","4":"has-post-thumbnail","6":"product_cat-144kitprop","7":"product_cat-kitnew","8":"product_tag-plakit","9":"product_tag-plakitprop","11":"first","12":"instock","13":"shipping-taxable","14":"product-type-simple"},"jetpack_sharing_enabled":true,"_links":{"self":[{"href":"https:\/\/www.4pluspublications.com\/en\/wp-json\/wp\/v2\/product\/7965","targetHints":{"allow":["GET"]}}],"collection":[{"href":"https:\/\/www.4pluspublications.com\/en\/wp-json\/wp\/v2\/product"}],"about":[{"href":"https:\/\/www.4pluspublications.com\/en\/wp-json\/wp\/v2\/types\/product"}],"wp:featuredmedia":[{"embeddable":true,"href":"https:\/\/www.4pluspublications.com\/en\/wp-json\/wp\/v2\/media\/7855"}],"wp:attachment":[{"href":"https:\/\/www.4pluspublications.com\/en\/wp-json\/wp\/v2\/media?parent=7965"}],"wp:term":[{"taxonomy":"product_brand","embeddable":true,"href":"https:\/\/www.4pluspublications.com\/en\/wp-json\/wp\/v2\/product_brand?post=7965"},{"taxonomy":"product_cat","embeddable":true,"href":"https:\/\/www.4pluspublications.com\/en\/wp-json\/wp\/v2\/product_cat?post=7965"},{"taxonomy":"product_tag","embeddable":true,"href":"https:\/\/www.4pluspublications.com\/en\/wp-json\/wp\/v2\/product_tag?post=7965"}],"curies":[{"name":"wp","href":"https:\/\/api.w.org\/{rel}","templated":true}]}}