{"id":7916,"date":"2025-08-26T15:06:13","date_gmt":"2025-08-26T13:06:13","guid":{"rendered":"https:\/\/www.4pluspublications.com\/en\/?post_type=product&#038;p=7916"},"modified":"2026-01-18T17:43:33","modified_gmt":"2026-01-18T16:43:33","slug":"mkm144073n-messerschmitt-bf-109g-10-avia-c-10-vigorous-fighter","status":"publish","type":"product","link":"https:\/\/www.4pluspublications.com\/en\/produkt\/mkm144073n-messerschmitt-bf-109g-10-avia-c-10-vigorous-fighter\/","title":{"rendered":"[MKM144073N] Messerschmitt Bf 109G-10\/Avia C-10 \u2018Vigorous Fighter\u2019"},"content":{"rendered":"<p>The Messerschmitt Bf 109 was a German fighter aircraft designed in the mid-1930s and it represented the first modern fighter of the era. Originally conceived as an interceptor, later models were developed to fulfil various roles, such as bomber escort, fighter-bomber, day and night fighter, ground-attack or reconnaissance. Various armament modifications evolved in service, using pre-packaged or field kits. The aircraft was of an all-metal monocoque construction, featuring an enclosed canopy and a retractable landing gear.<br \/>\nThe G-series aircraft were introduced in mid-1942. The initial variants differed only in minor details from its predecessor, the Bf 109F, most notably in the more powerful engine. Except some early aeroplanes, the bulk of Bf 109G-10s were fitted with DB 605D engines and featured the Erla clear-view canopy, large main wheels with corresponding large oblong wing bulges, deeper oil cooler under the nose and tall tail fin.<br \/>\nThe first Bf 109G-10s appeared in service in November 1944 and the following variants were produced: G-10 light fighter (with two MG 131 guns and a single MG 151\/20 gun in the nose), G-10\/R2 recce fighter, G-10\/R6 bad-weather fighter and G-10\/U4 fighter (equipped with an engine-mounted MK 108 cannon). In total, about 2,600 aircraft were produced by Erla, Messerschmitt, WNF and Diana factories.<br \/>\nAfter the war, a small batch of 21 Avia C-10 fighters (later designated the S-99) were completed to serve with the Czechoslovak Air Force and Police Air Force.<\/p>\n<p>&nbsp;<\/p>\n<p><span style=\"color: #0000ff;\"><strong>Colour schemes included in the kit:<\/strong><\/span><\/p>\n<p>1) Messerschmitt Bf 109G-10 (Erla-built), White 13 (W.Nr. 151567), 10.\/JG 300, Luftwaffe, J\u00fcterbog-Waldlager airfield, Germany, April 1945<\/p>\n<p>2) Messerschmitt Bf 109G-10\/U4 (WNF-built), White 5 (W.Nr. 611048), II.\/JG 52, Luftwaffe, Neubiberg airfield, Germany, spring 1945<\/p>\n<p>3) Messerschmitt Bf 109G-10\/R6 (Erla-built), Yellow 7 (W.Nr. 152016), 3.\/JG 51, Luftwaffe, Prag-Gbell airfield, Bohemia-Moravia Protectorate, May 1945<\/p>\n<p>4) Avia C-10 (Bf 109G-10), Black EV-12 (c\/n 11), SVS Fighter Combat Training Centre, HQ Flt., 2nd Air Division, Czechoslovak Air Force, Plan\u00e1 airfield (\u010cesk\u00e9 Bud\u011bjovice), spring 1947<\/p>\n<p>&nbsp;<\/p>\n<p><strong><span style=\"color: #008000;\">Assembly instructions:<\/span><\/strong><\/p>\n<p><img loading=\"lazy\" decoding=\"async\" class=\"alignnone size-full wp-image-3909\" src=\"https:\/\/www.4pluspublications.com\/wp-content\/uploads\/2023\/04\/pdf-download-e1702217383990.jpg\" alt=\"\" width=\"60\" height=\"58\" \/><\/p>\n<p><a href=\"https:\/\/www.4pluspublications.com\/wp-content\/uploads\/2025\/08\/MKM144073N-Bf-109G-10-Avia-C-10-Vigorous-Fighter_instr-web.pdf\" target=\"_blank\" rel=\"noopener\">MKM144073N Bf 109G-10&#8211;Avia C-10 Vigorous Fighter_instr web<\/a><\/p>\n","protected":false},"excerpt":{"rendered":"<p><span style=\"color: #0000ff;\"><strong>RELEASED 9\/2025<\/strong><\/span><\/p>\n<p>Two injection-moulded kits are supplied in this box and each kit contains 27 parts and one clear part (the cockpit canopy). The rear side of the box now comprises the representation of a tarmac section of a military airfield which can be cut out and used as a display base for the assembled model. A comprehensive instruction leaflet and a decal sheet are included.<\/p>\n<p>NOTE: these kits were re-designed and new masters were made. The cockpit canopies were 3D designed and made by injection moulding into a metal mould.<\/p>\n<p>&nbsp;<\/p>\n<p><img loading=\"lazy\" decoding=\"async\" class=\"alignnone size-full wp-image-4678\" src=\"https:\/\/www.4pluspublications.com\/wp-content\/uploads\/2023\/11\/smiley-click-here-moving_p1.jpg\" alt=\"\" width=\"60\" height=\"95\" \/><\/p>\n<p><strong><span style=\"color: #ff0000;\"><a style=\"color: #ff0000;\" href=\"https:\/\/www.eshop.miniwing.cz\/category\/mark-i-models\/mark-i-models-1-144\/messerschmitt-bf-109g-10-avia-c-10-vigorous-fighter\/\" target=\"_blank\" rel=\"noopener\">On-line order<\/a><\/span><\/strong> (MARK I Modeller\u02bcs Boutique via Miniwing\u02bcs e-shop)<\/p>\n<p><img loading=\"lazy\" decoding=\"async\" class=\"alignnone size-medium wp-image-7089\" src=\"https:\/\/www.4pluspublications.com\/wp-content\/uploads\/2025\/02\/platebni-brany-300x87.jpg\" alt=\"\" width=\"300\" height=\"87\" srcset=\"https:\/\/www.4pluspublications.com\/wp-content\/uploads\/2025\/02\/platebni-brany-300x87.jpg 300w, https:\/\/www.4pluspublications.com\/wp-content\/uploads\/2025\/02\/platebni-brany-768x223.jpg 768w, https:\/\/www.4pluspublications.com\/wp-content\/uploads\/2025\/02\/platebni-brany-600x175.jpg 600w, https:\/\/www.4pluspublications.com\/wp-content\/uploads\/2025\/02\/platebni-brany.jpg 1000w\" sizes=\"auto, (max-width: 300px) 100vw, 300px\" \/><\/p>\n<p>&nbsp;<\/p>\n<p><strong><span style=\"color: #ff6600;\">Curious about related product(s)?<\/span><\/strong><\/p>\n<p><img loading=\"lazy\" decoding=\"async\" class=\"alignnone size-full wp-image-4712\" src=\"https:\/\/www.4pluspublications.com\/wp-content\/uploads\/2023\/11\/smiley-thinking-curious_r.jpg\" alt=\"\" width=\"77\" height=\"95\" \/><\/p>\n<p>[<span style=\"color: #0000ff;\"><a style=\"color: #0000ff;\" href=\"https:\/\/www.brengun.cz\/e-shop\/1-144-accessories-19\/luftwaffe-seats-582\" target=\"_blank\" rel=\"noopener\">BRL144001<\/a><\/span>] Luftwaffe seats<\/p>\n<p>[<span style=\"color: #0000ff;\"><a style=\"color: #0000ff;\" href=\"https:\/\/www.brengun.cz\/e-shop\/1-144-accessories-19\/luftwaffe-seat-belts-585\" target=\"_blank\" rel=\"noopener\">BRL144004<\/a><\/span>] Luftwaffe seat belts<\/p>\n<p>[<span style=\"color: #0000ff;\"><a style=\"color: #0000ff;\" href=\"https:\/\/www.brengun.cz\/e-shop\/1-144-accessories-19\/sc50-german-aerial-bombs-600\" target=\"_blank\" rel=\"noopener\">BRL144019<\/a><\/span>] SC50 German aerial bombs<\/p>\n<p>[<span style=\"color: #0000ff;\"><a style=\"color: #0000ff;\" href=\"https:\/\/www.brengun.cz\/e-shop\/1-144-accessories-19\/sc250-german-aerial-bombs-601\" target=\"_blank\" rel=\"noopener\">BRL144020<\/a><\/span>] SC250 German aerial bombs<\/p>\n<p>[<span style=\"color: #0000ff;\"><a style=\"color: #0000ff;\" href=\"https:\/\/www.brengun.cz\/e-shop\/1-144-accessories-19\/sc500-german-aerial-bombs-602\" target=\"_blank\" rel=\"noopener\">BRL144021<\/a><\/span>] SC500 German aerial bombs<\/p>\n<p>[<span style=\"color: #0000ff;\"><a style=\"color: #0000ff;\" href=\"https:\/\/www.brengun.cz\/e-shop\/1-144-accessories-19\/german-300l-fuel-tanks-603\" target=\"_blank\" rel=\"noopener\">BRL144022<\/a><\/span>] German 300l Fuel tanks<\/p>\n<p>[<span style=\"color: #0000ff;\"><a style=\"color: #0000ff;\" href=\"https:\/\/www.brengun.cz\/e-shop\/1-144-accessories-19\/luftwaffe-wheel-chocks-(10pcs)-698\" target=\"_blank\" rel=\"noopener\">BRL144033<\/a><\/span>] Luftwaffe wheel chocks<\/p>\n<p><span style=\"color: #0000ff;\">[<a style=\"color: #0000ff;\" href=\"https:\/\/www.brengun.cz\/e-shop\/1-144-accessories-19\/bf-109-g-10-(mark-i-kit)-1766\" target=\"_blank\" rel=\"noopener\">BRL144165<\/a>]<\/span> Bf 109G-10 photo-etched set (designed to be used with Mark I Models kits)<\/p>\n<p>[<span style=\"color: #0000ff;\"><a style=\"color: #0000ff;\" href=\"https:\/\/www.brengun.cz\/e-shop\/1-144-accessories-19\/messerschmitt-bf-109-k-wheels-set-(2-sets)-1961\" target=\"_blank\" rel=\"noopener\">BRL144184<\/a><\/span>] Bf 109K wheel set (designed to be used with Mark I Models kits)<\/p>\n<p>[<span style=\"color: #0000ff;\"><a style=\"color: #0000ff;\" href=\"https:\/\/www.4pluspublications.com\/en\/produkt\/mka14407-grassy-surface\/\" target=\"_blank\" rel=\"noopener\">MKA14407<\/a><\/span>] Grassy Surface<\/p>\n<p><span style=\"color: #0000ff;\">[<a style=\"color: #0000ff;\" href=\"https:\/\/www.4pluspublications.com\/en\/produkt\/mka14411-wwii-luftwaffe-base-small-square-concrete-panels\/\" target=\"_blank\" rel=\"noopener\">MKA14411<\/a>]<\/span> WWII Luftwaffe Base \u2013 small (square concrete panels)<\/p>\n<p>[<span style=\"color: #0000ff;\"><a style=\"color: #0000ff;\" href=\"https:\/\/www.hannants.co.uk\/product\/SD-R4435?result-token=8N5V9\" target=\"_blank\" rel=\"noopener\">SD-R4435<\/a><\/span>] Bf 109G\/K main undercarriage &#8211; 2 sets (designed to be used with Mark I Models kits)<\/p>\n<p>[<span style=\"color: #0000ff;\"><a style=\"color: #0000ff;\" href=\"https:\/\/www.hannants.co.uk\/product\/SD-R4436?result-token=8N5V9\" target=\"_blank\" rel=\"noopener\">SD-R4436<\/a><\/span>] Bf 109G\/K cockpit &#8211; 2 sets (designed to be used with Mark I Models kits)<\/p>\n<p>[<span style=\"color: #0000ff;\"><a style=\"color: #0000ff;\" href=\"https:\/\/www.hannants.co.uk\/product\/SD-R4437?result-token=8N5V9\" target=\"_blank\" rel=\"noopener\">SD-R4437<\/a><\/span>] Bf 109G\/K external stores Pt.1 (4x SC50, 1x SC250, 1x fuselage bomb carrier, 2x underwing cannon pod &#8211; 2 sets, designed to be used with Mark I Models kits)<\/p>\n<p>[<span style=\"color: #0000ff;\"><a style=\"color: #0000ff;\" href=\"https:\/\/www.hannants.co.uk\/product\/SD-R4438?result-token=8N5V9\" target=\"_blank\" rel=\"noopener\">SD-R4438<\/a><\/span>] Bf 109G\/K\/Avia S-199 external stores Pt.2 (8x SC50, 1x fuselage bomb carrier &#8211; 2 sets, designed to be used with Mark I Models kits)<\/p>\n<p>&nbsp;<\/p>\n","protected":false},"featured_media":8034,"template":"","meta":[],"product_brand":[],"product_cat":[69,103],"product_tag":[27,73],"class_list":{"0":"post-7916","1":"product","2":"type-product","3":"status-publish","4":"has-post-thumbnail","6":"product_cat-144kitprop","7":"product_cat-kitnew","8":"product_tag-plakit","9":"product_tag-plakitprop","11":"first","12":"instock","13":"shipping-taxable","14":"product-type-simple"},"jetpack_sharing_enabled":true,"_links":{"self":[{"href":"https:\/\/www.4pluspublications.com\/en\/wp-json\/wp\/v2\/product\/7916","targetHints":{"allow":["GET"]}}],"collection":[{"href":"https:\/\/www.4pluspublications.com\/en\/wp-json\/wp\/v2\/product"}],"about":[{"href":"https:\/\/www.4pluspublications.com\/en\/wp-json\/wp\/v2\/types\/product"}],"wp:featuredmedia":[{"embeddable":true,"href":"https:\/\/www.4pluspublications.com\/en\/wp-json\/wp\/v2\/media\/8034"}],"wp:attachment":[{"href":"https:\/\/www.4pluspublications.com\/en\/wp-json\/wp\/v2\/media?parent=7916"}],"wp:term":[{"taxonomy":"product_brand","embeddable":true,"href":"https:\/\/www.4pluspublications.com\/en\/wp-json\/wp\/v2\/product_brand?post=7916"},{"taxonomy":"product_cat","embeddable":true,"href":"https:\/\/www.4pluspublications.com\/en\/wp-json\/wp\/v2\/product_cat?post=7916"},{"taxonomy":"product_tag","embeddable":true,"href":"https:\/\/www.4pluspublications.com\/en\/wp-json\/wp\/v2\/product_tag?post=7916"}],"curies":[{"name":"wp","href":"https:\/\/api.w.org\/{rel}","templated":true}]}}