{"id":721,"date":"2021-05-27T13:10:35","date_gmt":"2021-05-27T11:10:35","guid":{"rendered":"https:\/\/www.4pluspublications.com\/en\/?post_type=product&#038;p=721"},"modified":"2025-12-15T09:54:12","modified_gmt":"2025-12-15T08:54:12","slug":"4008-westland-wessex","status":"publish","type":"product","link":"https:\/\/www.4pluspublications.com\/en\/produkt\/4008-westland-wessex\/","title":{"rendered":"[4+008] Westland Wessex"},"content":{"rendered":"<p>The Wessex was a British development of the American Sikorsky S-58\/H-34 multi-role helicopter. It was produced under licence by Westland Aircraft. The type entered operational service in 1961, and had a service life in excess of 40 years before being retired in the UK. It primarily served with the Royal Air Force, the Royal Navy and the Royal Australian Navy.<\/p>\n<p>&nbsp;<\/p>\n","protected":false},"excerpt":{"rendered":"<p><span style=\"color: #0000ff;\"><strong>PUBLISHED IN 2008 <\/strong><\/span><\/p>\n<p><span style=\"color: #ff0000;\"><strong>NEW RE-PRINT 12\/2025<\/strong><\/span><\/p>\n<p>The book is soft bound, with a saddle stitched spine binding; actual size 11\u00bein x 8\u00bcin (297 x 210 mm); it has 36 pages, 129 b&#038;w \u00a0and 62 colour photos and 3 pages of colour camouflage profiles (10 machines depicted). The book describes the type history and technical aspects of the aeroplane, completed with a production overview. Camouflage and armament &#038; equipment descriptions, detailed 1\/72 scale plans, exterior and interior drawings, various sketches and a pull-out poster are also included.<\/p>\n<ul>\n<li>Authors: Michal Ov\u010d\u00e1\u010d\u00edk and Karel Susa<\/li>\n<li>ISBN: 80-902559-1-4<\/li>\n<\/ul>\n<p>&nbsp;<\/p>\n<p><span style=\"color: #ff6600;\"><strong>Curious about related product(s) &#8211; our model(s)?<\/strong><\/span><\/p>\n<p><img loading=\"lazy\" decoding=\"async\" class=\"alignnone size-full wp-image-4712\" src=\"http:\/\/www.4pluspublications.com\/wp-content\/uploads\/2023\/11\/smiley-thinking-curious_r.jpg\" alt=\"\" width=\"77\" height=\"95\" \/><\/p>\n<p><span style=\"color: #000000;\">[<span style=\"color: #0000ff;\"><a style=\"color: #0000ff;\" href=\"https:\/\/www.4pluspublications.com\/en\/produkt\/mkm144003-westland-wessex-has-1-has-31a-british-multi-role-helicopter\/\">MKM144003<\/a><\/span>] Westland Wessex HAS.1\/HAS.31A \u2018British Multi-role Helicopter\u2019<\/span><br \/>\n<span style=\"color: #000000;\">[<span style=\"color: #0000ff;\"><a style=\"color: #0000ff;\" href=\"https:\/\/www.4pluspublications.com\/en\/produkt\/mkm144004-westland-wessex-has-3-has-31b-anti-submarine-helicopter\/\">MKM144004<\/a><\/span>] Westland Wessex HAS.3\/HAS.31B \u2018Anti-submarine Helicopter\u2019<\/span><br \/>\n<span style=\"color: #000000;\">[<span style=\"color: #0000ff;\"><a style=\"color: #0000ff;\" href=\"https:\/\/www.4pluspublications.com\/en\/produkt\/mkm144023-westland-wessex-hc-2-har-2-raf-workhorse\/\">MKM144023<\/a><\/span>] Westland Wessex HC.2\/HAR.2 \u2018RAF Workhorse\u2019<\/span><br \/>\n<span style=\"color: #000000;\">[<span style=\"color: #0000ff;\"><a style=\"color: #0000ff;\" href=\"https:\/\/www.4pluspublications.com\/en\/produkt\/mkm14424-westland-wessex-hu-5-5c-versatile-helicopter\/\">MKM144024<\/a><\/span>] Westland Wessex HU.5\/5C \u2018Versatile Helicopter\u2019<\/span><br \/>\n<span style=\"color: #000000;\">[<span style=\"color: #0000ff;\"><a style=\"color: #0000ff;\" href=\"https:\/\/www.4pluspublications.com\/en\/produkt\/mkm14426-westland-wessex-commando-mk-1-assault-helicopter\/\">MKM144026<\/a><\/span>] Westland Wessex Commando Mk.1 \u2018Assault Helicopter\u2019<\/span><br \/>\n<span style=\"color: #000000;\">[<span style=\"color: #0000ff;\"><a style=\"color: #0000ff;\" href=\"https:\/\/www.4pluspublications.com\/en\/produkt\/mkm14428-westland-wessex-hc-2-hcc-4-hu-5-mk-52-special-schemes\/\">MKM144028<\/a><\/span>] Westland Wessex HC.2\/HCC.4\/HU.5\/Mk.52 \u2018Special schemes\u2019<\/span><br \/>\n<span style=\"color: #000000;\">[<a style=\"color: #000000;\" href=\"https:\/\/www.4pluspublications.com\/en\/produkt\/mkm144169l-westland-wessex-hu-5-in-commando-role\/\"><span style=\"color: #0000ff;\">MKM144169L<\/span><\/a>] Westland Wessex HU.5 \u2018In Commando Role\u2019<\/span><br \/>\n<span style=\"color: #000000;\">[<a style=\"color: #000000;\" href=\"https:\/\/www.4pluspublications.com\/en\/produkt\/mkm144174l-westland-wessex-has-1-early\/\"><span style=\"color: #0000ff;\">MKM144174L<\/span><\/a>] Westland Wessex HAS.1 \u2018Early\u2019<\/span><\/p>\n<p>&nbsp;<\/p>\n","protected":false},"featured_media":711,"template":"","meta":[],"product_brand":[],"product_cat":[46],"product_tag":[91,54],"class_list":{"0":"post-721","1":"product","2":"type-product","3":"status-publish","4":"has-post-thumbnail","6":"product_cat-4pluspub","7":"product_tag-mono","8":"product_tag-pub","10":"first","11":"instock","12":"shipping-taxable","13":"product-type-simple"},"jetpack_sharing_enabled":true,"_links":{"self":[{"href":"https:\/\/www.4pluspublications.com\/en\/wp-json\/wp\/v2\/product\/721","targetHints":{"allow":["GET"]}}],"collection":[{"href":"https:\/\/www.4pluspublications.com\/en\/wp-json\/wp\/v2\/product"}],"about":[{"href":"https:\/\/www.4pluspublications.com\/en\/wp-json\/wp\/v2\/types\/product"}],"wp:featuredmedia":[{"embeddable":true,"href":"https:\/\/www.4pluspublications.com\/en\/wp-json\/wp\/v2\/media\/711"}],"wp:attachment":[{"href":"https:\/\/www.4pluspublications.com\/en\/wp-json\/wp\/v2\/media?parent=721"}],"wp:term":[{"taxonomy":"product_brand","embeddable":true,"href":"https:\/\/www.4pluspublications.com\/en\/wp-json\/wp\/v2\/product_brand?post=721"},{"taxonomy":"product_cat","embeddable":true,"href":"https:\/\/www.4pluspublications.com\/en\/wp-json\/wp\/v2\/product_cat?post=721"},{"taxonomy":"product_tag","embeddable":true,"href":"https:\/\/www.4pluspublications.com\/en\/wp-json\/wp\/v2\/product_tag?post=721"}],"curies":[{"name":"wp","href":"https:\/\/api.w.org\/{rel}","templated":true}]}}