{"id":5772,"date":"2024-03-08T21:24:12","date_gmt":"2024-03-08T20:24:12","guid":{"rendered":"https:\/\/www.4pluspublications.com\/en\/?post_type=product&#038;p=5772"},"modified":"2024-03-17T11:10:30","modified_gmt":"2024-03-17T10:10:30","slug":"mkd72003-bucker-bu-131-cm-1-72-decals","status":"publish","type":"product","link":"https:\/\/www.4pluspublications.com\/en\/produkt\/mkd72003-bucker-bu-131-cm-1-72-decals\/","title":{"rendered":"[MKD72003] B\u00fccker B\u00fc 131 C&#038;M + 1\/72 decals"},"content":{"rendered":"<p>The B\u00fccker B\u00fc 131 Jungmann was a classic 1930s design of a primary and aerobatic biplane trainer. Built also in Czechoslovakia, Japan, Spain and Switzerland and equipping military air forces and national aeroclubs in 23 countries worldwide, this aeroplane proved its outstanding flawless flying qualities and continued its service well into the 1960s.<\/p>\n","protected":false},"excerpt":{"rendered":"<p><span style=\"color: #0000ff;\"><strong>PUBLISHED IN 2009<\/strong><\/span><\/p>\n<p>The publication has 28 pages, including a total of 48 overall and detailed photographs, 12 pages with colour camouflage schemes and their description. Text in English. A comprehensive decal sheet is added for modellers\u2019 convenience. The following aircraft are depicted on each decal sheet: Germany (2x), the Netherlands (1x), Hungary (1x), Czechoslovakia (3x), Switzerland (1x), Manchukuo (1x), war-time Japan (1x), Croatia (1x) and post-war Spain (1x).<\/p>\n<ul>\n<li>Authors: Michal Ov\u010d\u00e1\u010d\u00edk and Karel Susa<\/li>\n<li>ISBN: 978-80-86637-11-2<\/li>\n<\/ul>\n<p>&nbsp;<\/p>\n<p><span style=\"color: #ff6600;\"><strong>Curious about related product \u2013 plastic model(s)?<\/strong><\/span><\/p>\n<p><img loading=\"lazy\" decoding=\"async\" class=\"alignnone size-full wp-image-4712\" src=\"http:\/\/www.4pluspublications.com\/wp-content\/uploads\/2023\/11\/smiley-thinking-curious_r.jpg\" alt=\"\" width=\"77\" height=\"95\" \/><\/p>\n<p>[<span style=\"color: #0000ff;\"><a style=\"color: #0000ff;\" href=\"https:\/\/www.rsmodels.cz\/p\/232\/92192-bucker-131-a-jungmann\" target=\"_blank\" rel=\"noopener\">RSM92192<\/a><\/span>] B\u00fccker B\u00fc 131A<br \/>\n[<span style=\"color: #0000ff;\"><a style=\"color: #0000ff;\" href=\"https:\/\/www.rsmodels.cz\/p\/231\/92193-bucker-131-d-jungmann\" target=\"_blank\" rel=\"noopener\">RSM92193<\/a><\/span>] B\u00fccker B\u00fc 131D<br \/>\n[<span style=\"color: #0000ff;\"><a style=\"color: #0000ff;\" href=\"https:\/\/www.rsmodels.cz\/p\/220\/92204-c-4-c-104-double-kit\" target=\"_blank\" rel=\"noopener\">RSM92204<\/a><\/span>] Aero C-4 &#038; C-104 (double kit)<br \/>\n[<span style=\"color: #0000ff;\"><a style=\"color: #0000ff;\" href=\"https:\/\/www.rsmodels.cz\/p\/219\/92205-bucker-131-d-in-fliegerschulen\" target=\"_blank\" rel=\"noopener\">RSM92205<\/a><\/span>] B\u00fccker B\u00fc 131D &#8220;Fliegerschulen&#8221;<br \/>\n[<span style=\"color: #0000ff;\"><a style=\"color: #0000ff;\" href=\"https:\/\/www.rsmodels.cz\/p\/218\/92206-bucker-131-d-in-foreign-services\" target=\"_blank\" rel=\"noopener\">RSM92206<\/a><\/span>] B\u00fccker B\u00fc 131D &#8220;Foreign Service&#8221;<br \/>\n[<span style=\"color: #0000ff;\"><a style=\"color: #0000ff;\" href=\"https:\/\/www.rsmodels.cz\/p\/404\/94013-aero-c-104\" target=\"_blank\" rel=\"noopener\">RSM94013<\/a><\/span>] Aero C-104<br \/>\n[<span style=\"color: #0000ff;\"><a style=\"color: #0000ff;\" href=\"https:\/\/www.rsmodels.cz\/p\/416\/94015-bucker-131-a-b-24-schule-olomouc\" target=\"_blank\" rel=\"noopener\">RSM94015<\/a><\/span>] B\u00fccker B\u00fc 131 A\/B 24 Schule Olomouc<br \/>\n[<span style=\"color: #0000ff;\"><a style=\"color: #0000ff;\" href=\"https:\/\/www.rsmodels.cz\/p\/418\/94017-bucker-131-romania\" target=\"_blank\" rel=\"noopener\">RSM94017<\/a><\/span>] B\u00fccker B\u00fc 131 Romania<br \/>\n[<span style=\"color: #0000ff;\"><a style=\"color: #0000ff;\" href=\"https:\/\/www.arturmodel.cz\/rs-models-1-72-bu-131-t-131-bi-plane-trainer\" target=\"_blank\" rel=\"noopener\">RSM94020<\/a><\/span>] B\u00fc 131\/T-131<\/p>\n<p>&nbsp;<\/p>\n","protected":false},"featured_media":5111,"template":"","meta":[],"product_brand":[],"product_cat":[47],"product_tag":[97,55],"class_list":{"0":"post-5772","1":"product","2":"type-product","3":"status-publish","4":"has-post-thumbnail","6":"product_cat-72doz","7":"product_tag-pubdec72","8":"product_tag-pubdec","10":"first","11":"instock","12":"shipping-taxable","13":"product-type-simple"},"jetpack_sharing_enabled":true,"_links":{"self":[{"href":"https:\/\/www.4pluspublications.com\/en\/wp-json\/wp\/v2\/product\/5772","targetHints":{"allow":["GET"]}}],"collection":[{"href":"https:\/\/www.4pluspublications.com\/en\/wp-json\/wp\/v2\/product"}],"about":[{"href":"https:\/\/www.4pluspublications.com\/en\/wp-json\/wp\/v2\/types\/product"}],"wp:featuredmedia":[{"embeddable":true,"href":"https:\/\/www.4pluspublications.com\/en\/wp-json\/wp\/v2\/media\/5111"}],"wp:attachment":[{"href":"https:\/\/www.4pluspublications.com\/en\/wp-json\/wp\/v2\/media?parent=5772"}],"wp:term":[{"taxonomy":"product_brand","embeddable":true,"href":"https:\/\/www.4pluspublications.com\/en\/wp-json\/wp\/v2\/product_brand?post=5772"},{"taxonomy":"product_cat","embeddable":true,"href":"https:\/\/www.4pluspublications.com\/en\/wp-json\/wp\/v2\/product_cat?post=5772"},{"taxonomy":"product_tag","embeddable":true,"href":"https:\/\/www.4pluspublications.com\/en\/wp-json\/wp\/v2\/product_tag?post=5772"}],"curies":[{"name":"wp","href":"https:\/\/api.w.org\/{rel}","templated":true}]}}