{"id":5508,"date":"2024-02-10T17:38:17","date_gmt":"2024-02-10T16:38:17","guid":{"rendered":"https:\/\/www.4pluspublications.com\/en\/?post_type=product&#038;p=5508"},"modified":"2024-04-02T11:27:21","modified_gmt":"2024-04-02T09:27:21","slug":"4018-douglas-dc-2","status":"publish","type":"product","link":"https:\/\/www.4pluspublications.com\/en\/produkt\/4018-douglas-dc-2\/","title":{"rendered":"[4+018] Douglas DC-2"},"content":{"rendered":"<p>In the mid-1930s the Douglas DC-2 opened a new chapter in modern-era air transport. Although its military versions did not reach widespread service, compared to that of civil aeroplanes, they successfully served with the US Army Air Corps before the outbreak of WWII and also during the war. The Douglas C-33\/39s were primarily used for cargo transport, but could also be equipped to carry personnel or wounded soldiers. A comprehensive 4+ monograph describes not only the civil DC-2s, but also gives account of the military C-33 and C-39s.<\/p>\n","protected":false},"excerpt":{"rendered":"<p><span style=\"color: #0000ff;\"><strong>PUBLISHED IN 2004<\/strong><\/span><\/p>\n<p>The book has square spine binding. It has 84 pages and comprises the technical description, colour and marking chapters and complete production list and overview. Eight pages are fully devoted to colour profiles, while nine monochromatic colour profiles are placed in the main text. Large-format sheet of original 1\/72 line drawings and a pull-out poster are included. A separate photographic section covers the cabin interior, baggage compartment, cargo cabin, undercarriage and flap details, tail surface and engine differences etc. In total, 126 photos (incl. 4 colour) are included in the book.<\/p>\n<ul>\n<li>Authors: Stan Dudek, Michal Ov\u010d\u00e1\u010d\u00edk and Karel Susa<\/li>\n<li>ISBN: 80-902559-8-1<\/li>\n<\/ul>\n<p>&nbsp;<\/p>\n<p><span style=\"color: #ff6600;\"><strong>Curious about related product(s) \u2013 our model(s)?<\/strong><\/span><\/p>\n<p><img loading=\"lazy\" decoding=\"async\" class=\"alignnone size-full wp-image-4712\" src=\"http:\/\/www.4pluspublications.com\/wp-content\/uploads\/2023\/11\/smiley-thinking-curious_r.jpg\" alt=\"\" width=\"77\" height=\"95\" \/><\/p>\n<p>[CMR144-007] Douglas DC-2 &#8216;European Users&#8217;<br \/>\n[CMR144-008] Douglas C-33 &#8216;USAAC Service&#8217;<br \/>\n[CMR144-009] Douglas C-39 &#8216;US Army&#8217;<br \/>\n[<span style=\"color: #0000ff;\"><a style=\"color: #0000ff;\" href=\"https:\/\/www.4pluspublications.com\/en\/produkt\/cmr144-010-douglas-dc-2-civilian-service\/\">CMR144-010<\/a><\/span>] Douglas DC-2 &#8216;Civilian Service&#8217;<br \/>\n[<span style=\"color: #0000ff;\"><a style=\"color: #0000ff;\" href=\"https:\/\/www.4pluspublications.com\/en\/produkt\/cmr144-010j-douglas-dc-2-japanese-civilian-service\/\">CMR144-010J<\/a><\/span>] Douglas DC-2 &#8216;Japanese Civilian Service&#8217;<br \/>\n[CMR144-011] Douglas DC-2 &#8216;Military Service&#8217;<br \/>\n[<span style=\"color: #0000ff;\"><a style=\"color: #0000ff;\" href=\"https:\/\/www.4pluspublications.com\/en\/produkt\/cmr144-013-douglas-dc-2-deuce\/\" rel=\"noopener\">CMR144-013<\/a><\/span>] Douglas DC-2 &#8216;Deuce&#8217;<\/p>\n<p>&nbsp;<\/p>\n","protected":false},"featured_media":5490,"template":"","meta":[],"product_brand":[],"product_cat":[46],"product_tag":[91,54],"class_list":{"0":"post-5508","1":"product","2":"type-product","3":"status-publish","4":"has-post-thumbnail","6":"product_cat-4pluspub","7":"product_tag-mono","8":"product_tag-pub","10":"first","11":"instock","12":"shipping-taxable","13":"product-type-simple"},"jetpack_sharing_enabled":true,"_links":{"self":[{"href":"https:\/\/www.4pluspublications.com\/en\/wp-json\/wp\/v2\/product\/5508","targetHints":{"allow":["GET"]}}],"collection":[{"href":"https:\/\/www.4pluspublications.com\/en\/wp-json\/wp\/v2\/product"}],"about":[{"href":"https:\/\/www.4pluspublications.com\/en\/wp-json\/wp\/v2\/types\/product"}],"wp:featuredmedia":[{"embeddable":true,"href":"https:\/\/www.4pluspublications.com\/en\/wp-json\/wp\/v2\/media\/5490"}],"wp:attachment":[{"href":"https:\/\/www.4pluspublications.com\/en\/wp-json\/wp\/v2\/media?parent=5508"}],"wp:term":[{"taxonomy":"product_brand","embeddable":true,"href":"https:\/\/www.4pluspublications.com\/en\/wp-json\/wp\/v2\/product_brand?post=5508"},{"taxonomy":"product_cat","embeddable":true,"href":"https:\/\/www.4pluspublications.com\/en\/wp-json\/wp\/v2\/product_cat?post=5508"},{"taxonomy":"product_tag","embeddable":true,"href":"https:\/\/www.4pluspublications.com\/en\/wp-json\/wp\/v2\/product_tag?post=5508"}],"curies":[{"name":"wp","href":"https:\/\/api.w.org\/{rel}","templated":true}]}}