{"id":5133,"date":"2023-12-17T15:43:36","date_gmt":"2023-12-17T14:43:36","guid":{"rendered":"https:\/\/www.4pluspublications.com\/en\/?post_type=product&#038;p=5133"},"modified":"2024-03-09T17:50:18","modified_gmt":"2024-03-09T16:50:18","slug":"mkd72001-ilyushin-il-10-cm-1-72-decals","status":"publish","type":"product","link":"https:\/\/www.4pluspublications.com\/en\/produkt\/mkd72001-ilyushin-il-10-cm-1-72-decals\/","title":{"rendered":"[MKD72001] Il-10 C&#038;M + 1\/72 decals"},"content":{"rendered":"<p>Until the late 1950s the Ilyushin Il-10, a successor to the well-known war-time Il-2 Shturmovik attack aeroplane, was the principal mount of the attack air regiments of the Soviet, Czechoslovak, Polish, Hungarian, Bulgarian and Romanian Air Forces.<\/p>\n","protected":false},"excerpt":{"rendered":"<p><span style=\"color: #0000ff;\"><strong>PUBLISHED IN 2008<\/strong><\/span><\/p>\n<p>The publication has 28 pages; it includes a total of 47 overall and detailed photographs, 12 pages of colour camouflage schemes and their description. Text in English. A comprehensive decal sheet is added for modellers\u2019 convenience. The following aircraft are depicted on the decal sheet: Soviet Air Force (3x), Czechoslovak Air Force (3x), Polish Air Force (1x), Hungarian Air Force (1x), Romanian Air Force (1x), Bulgarian Army Air Force (1x), Chinese Air Force (1x) and North Korean Air Force (1x).<\/p>\n<ul>\n<li>Authors: Michal Ov\u010d\u00e1\u010d\u00edk and Karel Susa<\/li>\n<li>ISBN: 978-80-86637-05-1<\/li>\n<\/ul>\n<p>&nbsp;<\/p>\n","protected":false},"featured_media":5089,"template":"","meta":[],"product_brand":[],"product_cat":[47],"product_tag":[97,55],"class_list":{"0":"post-5133","1":"product","2":"type-product","3":"status-publish","4":"has-post-thumbnail","6":"product_cat-72doz","7":"product_tag-pubdec72","8":"product_tag-pubdec","10":"first","11":"instock","12":"shipping-taxable","13":"product-type-simple"},"jetpack_sharing_enabled":true,"_links":{"self":[{"href":"https:\/\/www.4pluspublications.com\/en\/wp-json\/wp\/v2\/product\/5133","targetHints":{"allow":["GET"]}}],"collection":[{"href":"https:\/\/www.4pluspublications.com\/en\/wp-json\/wp\/v2\/product"}],"about":[{"href":"https:\/\/www.4pluspublications.com\/en\/wp-json\/wp\/v2\/types\/product"}],"wp:featuredmedia":[{"embeddable":true,"href":"https:\/\/www.4pluspublications.com\/en\/wp-json\/wp\/v2\/media\/5089"}],"wp:attachment":[{"href":"https:\/\/www.4pluspublications.com\/en\/wp-json\/wp\/v2\/media?parent=5133"}],"wp:term":[{"taxonomy":"product_brand","embeddable":true,"href":"https:\/\/www.4pluspublications.com\/en\/wp-json\/wp\/v2\/product_brand?post=5133"},{"taxonomy":"product_cat","embeddable":true,"href":"https:\/\/www.4pluspublications.com\/en\/wp-json\/wp\/v2\/product_cat?post=5133"},{"taxonomy":"product_tag","embeddable":true,"href":"https:\/\/www.4pluspublications.com\/en\/wp-json\/wp\/v2\/product_tag?post=5133"}],"curies":[{"name":"wp","href":"https:\/\/api.w.org\/{rel}","templated":true}]}}