{"id":5075,"date":"2023-12-17T10:52:05","date_gmt":"2023-12-17T09:52:05","guid":{"rendered":"https:\/\/www.4pluspublications.com\/en\/?post_type=product&#038;p=5075"},"modified":"2023-12-17T16:58:29","modified_gmt":"2023-12-17T15:58:29","slug":"mkd72005-mig-17-cm-1-72-decals","status":"publish","type":"product","link":"https:\/\/www.4pluspublications.com\/en\/produkt\/mkd72005-mig-17-cm-1-72-decals\/","title":{"rendered":"[MKD72005] Mikoyan-Gurevich MiG-17 C&#038;M + 1\/72 decals"},"content":{"rendered":"<p>Developed from the successful MiG-15 jet, the MiG-17 constituted a marked improvement in transonic handling over the previous model. Both the clear weather interceptors (the MiG-17 and 17F) and the all-weather fighters (the MiG-17PF and 17PFU) were evolved in the USSR, and a number of aircraft were licence-built in Poland (as the Lim-5 and Lim-6s) and in China (as the J-5 and J-5As), with the total number reaching 10,500 examples.<\/p>\n","protected":false},"excerpt":{"rendered":"<p><span style=\"color: #0000ff;\"><strong>PUBLISHED IN 2009<\/strong><\/span><\/p>\n<p><span style=\"color: #ff0000;\"><strong>OUT OF PRINT<\/strong><\/span><\/p>\n<p>The publication has 28 pages; it includes a total of 48 overall and detailed photographs, 12 pages of colour camouflage schemes and their description. Text in English. A comprehensive decal sheet is added for modellers\u2019 convenience. The following aircraft are depicted on each decal sheet: Soviet Air Force (3x), Czechoslovak Air Force (2x), Polish Air Force (1x), East German Air Force (1x), Bulgarian Air Force (1x), Egyptian Air Force (1x), North Vietnamese Air Force (1x), Chinese Air Force (1x) and US Air Force (1x).<\/p>\n<ul>\n<li>Authors: Michal Ov\u010d\u00e1\u010d\u00edk and Karel Susa<\/li>\n<li>ISBN: 978-80-86637-15-0<\/li>\n<\/ul>\n<p>&nbsp;<\/p>\n","protected":false},"featured_media":5033,"template":"","meta":[],"product_brand":[],"product_cat":[47],"product_tag":[97,55],"class_list":{"0":"post-5075","1":"product","2":"type-product","3":"status-publish","4":"has-post-thumbnail","6":"product_cat-72doz","7":"product_tag-pubdec72","8":"product_tag-pubdec","10":"first","11":"outofstock","12":"shipping-taxable","13":"product-type-simple"},"jetpack_sharing_enabled":true,"_links":{"self":[{"href":"https:\/\/www.4pluspublications.com\/en\/wp-json\/wp\/v2\/product\/5075","targetHints":{"allow":["GET"]}}],"collection":[{"href":"https:\/\/www.4pluspublications.com\/en\/wp-json\/wp\/v2\/product"}],"about":[{"href":"https:\/\/www.4pluspublications.com\/en\/wp-json\/wp\/v2\/types\/product"}],"wp:featuredmedia":[{"embeddable":true,"href":"https:\/\/www.4pluspublications.com\/en\/wp-json\/wp\/v2\/media\/5033"}],"wp:attachment":[{"href":"https:\/\/www.4pluspublications.com\/en\/wp-json\/wp\/v2\/media?parent=5075"}],"wp:term":[{"taxonomy":"product_brand","embeddable":true,"href":"https:\/\/www.4pluspublications.com\/en\/wp-json\/wp\/v2\/product_brand?post=5075"},{"taxonomy":"product_cat","embeddable":true,"href":"https:\/\/www.4pluspublications.com\/en\/wp-json\/wp\/v2\/product_cat?post=5075"},{"taxonomy":"product_tag","embeddable":true,"href":"https:\/\/www.4pluspublications.com\/en\/wp-json\/wp\/v2\/product_tag?post=5075"}],"curies":[{"name":"wp","href":"https:\/\/api.w.org\/{rel}","templated":true}]}}