{"id":5043,"date":"2023-12-10T14:56:30","date_gmt":"2023-12-10T13:56:30","guid":{"rendered":"https:\/\/www.4pluspublications.com\/en\/?post_type=product&#038;p=5043"},"modified":"2023-12-17T16:54:38","modified_gmt":"2023-12-17T15:54:38","slug":"mkd72004-fieseler-fi-156-cm-1-72-decals","status":"publish","type":"product","link":"https:\/\/www.4pluspublications.com\/en\/produkt\/mkd72004-fieseler-fi-156-cm-1-72-decals\/","title":{"rendered":"[MKD72004] Fieseler Fi 156 C&#038;M + 1\/72 decals"},"content":{"rendered":"<p>Representing army co-operation and observation aircraft ideas of the mid-1930s, the Fieseler Fi 156 Storch (Stork) was virtually a ubiquitous vehicle of the German Luftwaffe during WWII. Its short take-off and landing and slow-flying capabilities were utilised by many other military and civilian users not only in Europe. During and after the war these aeroplanes were also manufactured in France, Romania and Czechoslovakia, with a total production number exceeding the 4,000-piece figure.<\/p>\n","protected":false},"excerpt":{"rendered":"<p><span style=\"color: #0000ff;\"><strong>PUBLISHED IN 2009<\/strong><\/span><\/p>\n<p>The publication has 28 pages; it includes a total of 45 overall and detailed photographs, 12 pages of colour camouflage schemes and their description. Text in English. A comprehensive decal sheet is added for modellers\u2019 convenience. The following aircraft are depicted on the decal sheet: Germany (1x), Luftwaffe (3x), Royal Bulgarian Air Force (1x), Royal Air Force (1x), French Air Force (1x), Czechoslovak Air Force (1x), Czechoslovak Police Air Force (1x), Czechoslovakia (1x), Hungarian Air Force (1x) and Switzerland (1x).<\/p>\n<ul>\n<li>Authors: Michal Ov\u010d\u00e1\u010d\u00edk and Karel Susa<\/li>\n<li>ISBN: 978-80-86637-13-6<\/li>\n<\/ul>\n<p>&nbsp;<\/p>\n","protected":false},"featured_media":5023,"template":"","meta":[],"product_brand":[],"product_cat":[47],"product_tag":[97,55],"class_list":{"0":"post-5043","1":"product","2":"type-product","3":"status-publish","4":"has-post-thumbnail","6":"product_cat-72doz","7":"product_tag-pubdec72","8":"product_tag-pubdec","10":"first","11":"instock","12":"shipping-taxable","13":"product-type-simple"},"jetpack_sharing_enabled":true,"_links":{"self":[{"href":"https:\/\/www.4pluspublications.com\/en\/wp-json\/wp\/v2\/product\/5043","targetHints":{"allow":["GET"]}}],"collection":[{"href":"https:\/\/www.4pluspublications.com\/en\/wp-json\/wp\/v2\/product"}],"about":[{"href":"https:\/\/www.4pluspublications.com\/en\/wp-json\/wp\/v2\/types\/product"}],"wp:featuredmedia":[{"embeddable":true,"href":"https:\/\/www.4pluspublications.com\/en\/wp-json\/wp\/v2\/media\/5023"}],"wp:attachment":[{"href":"https:\/\/www.4pluspublications.com\/en\/wp-json\/wp\/v2\/media?parent=5043"}],"wp:term":[{"taxonomy":"product_brand","embeddable":true,"href":"https:\/\/www.4pluspublications.com\/en\/wp-json\/wp\/v2\/product_brand?post=5043"},{"taxonomy":"product_cat","embeddable":true,"href":"https:\/\/www.4pluspublications.com\/en\/wp-json\/wp\/v2\/product_cat?post=5043"},{"taxonomy":"product_tag","embeddable":true,"href":"https:\/\/www.4pluspublications.com\/en\/wp-json\/wp\/v2\/product_tag?post=5043"}],"curies":[{"name":"wp","href":"https:\/\/api.w.org\/{rel}","templated":true}]}}