{"id":4403,"date":"2023-09-06T13:54:08","date_gmt":"2023-09-06T11:54:08","guid":{"rendered":"https:\/\/www.4pluspublications.com\/en\/?post_type=product&#038;p=4403"},"modified":"2026-01-27T12:01:53","modified_gmt":"2026-01-27T11:01:53","slug":"mkm144140-dhc-6-twin-otter-worldwide-military-service","status":"publish","type":"product","link":"https:\/\/www.4pluspublications.com\/en\/produkt\/mkm144140-dhc-6-twin-otter-worldwide-military-service\/","title":{"rendered":"[MKM144140] DHC-6 Twin Otter \u2018Worldwide Military Service\u2019"},"content":{"rendered":"<p>The DHC-6 Twin Otter is a Canadian utility aircraft developed by de Havilland Canada in the mid-1960s. Built from 1965 to 1988, its production was restarted once again in 2008 by Viking Air. The first flight was conducted in May 1965 and the aircraft were produced within four series (100, 200, 300 and 400). The Series 200 production began in 1968, the 300s in 1969 and a total 844 Twin Otters had been built by the time the first production run ended in 1988. In July 2010, the first 400-series aircraft were delivered, while the last \u2013 so far the 156th (and the 1,000th) Twin Otter \u2013 flew in January 2026.<br \/>\nThe Twin Otter is an all-metal high wing monoplane, powered by two P&#038;WC PT6A turboprop engines each driving a three-bladed propeller. The aircraft carries a pilot, co-pilot, and typically 18-20 passengers. The Series 200 aircraft included a longer nose for larger baggage compartment (except for aircraft fitted with floats) and improved Short Take-Off and Landing (STOL) characteristics, the 300 and 400-series Twin Otters were fitted with more powerful engines. It could be delivered on floats, skis or with tricycle landing gear, making them adaptable bush planes for remote areas.<br \/>\nWith its very good STOL capabilities, it became a successful commuter airliner as well as a cargo and medical evacuation aircraft. In addition, the aircraft has been popular with skydiving operators, both civil and military. The Twin Otters were, and still are, in local airline service around the world, while a number of air forces also use them, including the CAF\/RCAF, the USAF, and those of Argentina, Chile, France, Guatemala, Norway and Peru.<\/p>\n<p>&nbsp;<\/p>\n<p><strong><span style=\"color: #0000ff;\">Colour schemes included in the kit:<\/span><\/strong><\/p>\n<p>1) de Havilland Canada DHC-6 (Series 200) Twin Otter, 73-184 (MSN 184), 184, No.719 Squadron (skvadron), Royal Norwegian Air Force (Luftforsvaret), Bod\u00f8 Air Station, Norway, the 1990s<\/p>\n<p>2) de Havilland Canada DHC-6 (Series 300) Twin Otter, FAP-313 (MSN 323), 313, Transport Squadron No.421 (Escuadron de Transporte), Air Group No.42 (Grupo A\u00e9reo), Peruvian Air Force (Fuerza A\u00e9rea del Per\u00fa, FAP), Iquitos Air Base, Peru, 1971-73<\/p>\n<p>3) de Havilland Canada DHC-6 (Series 300) Twin Otter, FAF-730\/F-RALF (MSN 730), 52-LF, Overseas Transport Squadron 52 (Escadron de Transport d\u2019Outre-Mer 52, ETOM), French Air Force (Arm\u00e9e de l\u2019Air), Air Base (BA) 186 Noum\u00e9a (La Tontouta), New Caledonia, early 1980s<\/p>\n<p>&nbsp;<\/p>\n<p><span style=\"color: #008000;\"><strong>Assembly instructions:<\/strong><\/span><\/p>\n<p><img loading=\"lazy\" decoding=\"async\" class=\"alignnone wp-image-3909\" src=\"http:\/\/www.4pluspublications.com\/wp-content\/uploads\/2023\/04\/pdf-download-300x292.jpg\" alt=\"\" width=\"60\" height=\"58\" \/><\/p>\n<p><a href=\"http:\/\/www.4pluspublications.com\/wp-content\/uploads\/2023\/09\/MKM144140-DHC-6-Military-Service_instr-web.pdf\" target=\"_blank\" rel=\"noopener\">MKM144140 DHC-6 Military Service_instr web<\/a><\/p>\n","protected":false},"excerpt":{"rendered":"<p><span style=\"color: #0000ff;\"><strong>RELEASED 10\/2023<\/strong><\/span><\/p>\n<p>This injection-moulded kit contains 65 parts. A comprehensive decal sheet is included.<\/p>\n<p>&nbsp;<\/p>\n<p><img loading=\"lazy\" decoding=\"async\" class=\"alignnone size-full wp-image-4678\" src=\"http:\/\/www.4pluspublications.com\/wp-content\/uploads\/2023\/11\/smiley-click-here-moving_p1.jpg\" alt=\"\" width=\"60\" height=\"95\" \/><\/p>\n<p><span style=\"color: #ff0000;\"><strong><a style=\"color: #ff0000;\" href=\"https:\/\/www.eshop.miniwing.cz\/category\/mark-i-models\/mark-i-models-1-144\/dhc-6-twin-otter-worldwide-military-service\/\" target=\"_blank\" rel=\"noopener\">On-line order<\/a><\/strong><\/span> (MARK I Modeller\u02bcs Boutique via Miniwing\u02bcs e-shop)<\/p>\n<p><img loading=\"lazy\" decoding=\"async\" class=\"alignnone size-medium wp-image-7089\" src=\"https:\/\/www.4pluspublications.com\/wp-content\/uploads\/2025\/02\/platebni-brany-300x87.jpg\" alt=\"\" width=\"300\" height=\"87\" srcset=\"https:\/\/www.4pluspublications.com\/wp-content\/uploads\/2025\/02\/platebni-brany-300x87.jpg 300w, https:\/\/www.4pluspublications.com\/wp-content\/uploads\/2025\/02\/platebni-brany-768x223.jpg 768w, https:\/\/www.4pluspublications.com\/wp-content\/uploads\/2025\/02\/platebni-brany-600x175.jpg 600w, https:\/\/www.4pluspublications.com\/wp-content\/uploads\/2025\/02\/platebni-brany.jpg 1000w\" sizes=\"auto, (max-width: 300px) 100vw, 300px\" \/><\/p>\n<p>&nbsp;<\/p>\n","protected":false},"featured_media":4345,"template":"","meta":[],"product_brand":[],"product_cat":[40,69],"product_tag":[75,27,73],"class_list":{"0":"post-4403","1":"product","2":"type-product","3":"status-publish","4":"has-post-thumbnail","6":"product_cat-144linkit","7":"product_cat-144kitprop","8":"product_tag-plakitairline","9":"product_tag-plakit","10":"product_tag-plakitprop","12":"first","13":"instock","14":"shipping-taxable","15":"product-type-simple"},"jetpack_sharing_enabled":true,"_links":{"self":[{"href":"https:\/\/www.4pluspublications.com\/en\/wp-json\/wp\/v2\/product\/4403","targetHints":{"allow":["GET"]}}],"collection":[{"href":"https:\/\/www.4pluspublications.com\/en\/wp-json\/wp\/v2\/product"}],"about":[{"href":"https:\/\/www.4pluspublications.com\/en\/wp-json\/wp\/v2\/types\/product"}],"wp:featuredmedia":[{"embeddable":true,"href":"https:\/\/www.4pluspublications.com\/en\/wp-json\/wp\/v2\/media\/4345"}],"wp:attachment":[{"href":"https:\/\/www.4pluspublications.com\/en\/wp-json\/wp\/v2\/media?parent=4403"}],"wp:term":[{"taxonomy":"product_brand","embeddable":true,"href":"https:\/\/www.4pluspublications.com\/en\/wp-json\/wp\/v2\/product_brand?post=4403"},{"taxonomy":"product_cat","embeddable":true,"href":"https:\/\/www.4pluspublications.com\/en\/wp-json\/wp\/v2\/product_cat?post=4403"},{"taxonomy":"product_tag","embeddable":true,"href":"https:\/\/www.4pluspublications.com\/en\/wp-json\/wp\/v2\/product_tag?post=4403"}],"curies":[{"name":"wp","href":"https:\/\/api.w.org\/{rel}","templated":true}]}}