{"id":3478,"date":"2022-12-03T16:54:52","date_gmt":"2022-12-03T15:54:52","guid":{"rendered":"https:\/\/www.4pluspublications.com\/en\/?post_type=product&#038;p=3478"},"modified":"2023-11-24T08:21:07","modified_gmt":"2023-11-24T07:21:07","slug":"mkm144147-sikorsky-h-34-around-the-world","status":"publish","type":"product","link":"https:\/\/www.4pluspublications.com\/en\/produkt\/mkm144147-sikorsky-h-34-around-the-world\/","title":{"rendered":"[MKM144147] Sikorsky H-34 \u2018Around the World\u2019"},"content":{"rendered":"<p><span style=\"color: #0000ff;\"><strong>Colour schemes included in the kit:<\/strong><\/span><\/p>\n<p>1) Sikorsky (assembled by Mitsubishi Heavy Industries) HSS-1N (SH-34J), c\/n 58-1529, White 101-8568\/68, 101st Helicopter Anti-submarine Squadron (HAS-101, 101 Kokutai), 21st Fleet Air Wing (FAW, K\u014dk\u016bgun), Japan Maritime Self-Defense Force (JMSDF, Kaij\u014djieitai), Tateyama Naval Air Base, mid-1960s<\/p>\n<p>2) Sikorsky (assembled by Mitsubishi Heavy Industries) HSS-1N (SH-34J), c\/n 58-1543, Black 8569\/White 69, 101st Helicopter Anti-submarine Squadron (HAS-101, 101 Kokutai), 21st Fleet Air Wing (FAW, K\u014dk\u016bgun), Japan Maritime Self-Defense Force (JMSDF, Kaij\u014djieitai), \u014cmura Naval Air Base, 1971<\/p>\n<p>3) Sikorsky UH-34D, s\/n 63-13139 (c\/n 58-1744), White 139, Search and Rescue (SAR), 505th Search and Rescue Group (SRG), Philippine Air Force (Hukbong Himpapawid ng Pilipinas), Villamor Air Base, the 1970s<\/p>\n<p>4) Sikorsky H-34 (HSS-1N\/SH-34J), s\/n 60-5424 (c\/n 58-1293), Black 8550\/50, 3rd Squadron \u201cEsquadr\u00e3o Puma\u201d, 8th Air Group (3\u00b0\/8\u00b0 GAv), Brazilian Air Force (For\u00e7a A\u00e9rea Brasileira, FAB), Afonsos Air Force Base, Rio de Janeiro, Brazil, mid-1960s<\/p>\n<p>&nbsp;<\/p>\n<p><span style=\"color: #008000;\"><strong>Assembly instructions:<\/strong><\/span><\/p>\n<p><img loading=\"lazy\" decoding=\"async\" class=\"alignnone wp-image-710\" src=\"http:\/\/www.4pluspublications.com\/wp-content\/uploads\/2021\/05\/pdf-download.jpg\" alt=\"\" width=\"60\" height=\"58\" \/><\/p>\n<p><a href=\"http:\/\/www.4pluspublications.com\/wp-content\/uploads\/2022\/12\/MKM144147-Sikorsky-H-34-Around-the-World_instr-web.pdf\" target=\"_blank\" rel=\"noopener\">MKM144147 Sikorsky H-34 Around the World_instr web<\/a><\/p>\n","protected":false},"excerpt":{"rendered":"<p><strong><span style=\"color: #0000ff;\">RELEASED 12\/2022<\/span><\/strong><\/p>\n<p>This injection-moulded kit contains 35 parts and 7 clear parts (the cockpit canopy and the fuselage windows). A comprehensive instruction leaflet and a decal sheet are included.<\/p>\n<p>&nbsp;<\/p>\n<p><img loading=\"lazy\" decoding=\"async\" class=\"alignnone size-full wp-image-4678\" src=\"http:\/\/www.4pluspublications.com\/wp-content\/uploads\/2023\/11\/smiley-click-here-moving_p1.jpg\" alt=\"\" width=\"60\" height=\"95\" \/><\/p>\n<p><span style=\"color: #ff0000;\"><strong><a style=\"color: #ff0000;\" href=\"https:\/\/www.eshop.miniwing.cz\/category\/mark-i-models\/mark-i-models-1-144\/sikorsky-h-34-around-the-world\/\" target=\"_blank\" rel=\"noopener\">On-line order<\/a><\/strong><\/span> (MARK I Modeller\u02bcs Boutique via Miniwing\u02bcs e-shop)<\/p>\n<p><img loading=\"lazy\" decoding=\"async\" class=\"alignnone size-full wp-image-4684\" src=\"http:\/\/www.4pluspublications.com\/wp-content\/uploads\/2023\/11\/Paypal-logo_r.jpg\" alt=\"\" width=\"100\" height=\"39\" \/><\/p>\n<p>&nbsp;<\/p>\n","protected":false},"featured_media":3464,"template":"","meta":[],"product_brand":[],"product_cat":[65],"product_tag":[74,27],"class_list":{"0":"post-3478","1":"product","2":"type-product","3":"status-publish","4":"has-post-thumbnail","6":"product_cat-144heli","7":"product_tag-plakitheli","8":"product_tag-plakit","10":"first","11":"instock","12":"shipping-taxable","13":"product-type-simple"},"jetpack_sharing_enabled":true,"_links":{"self":[{"href":"https:\/\/www.4pluspublications.com\/en\/wp-json\/wp\/v2\/product\/3478","targetHints":{"allow":["GET"]}}],"collection":[{"href":"https:\/\/www.4pluspublications.com\/en\/wp-json\/wp\/v2\/product"}],"about":[{"href":"https:\/\/www.4pluspublications.com\/en\/wp-json\/wp\/v2\/types\/product"}],"wp:featuredmedia":[{"embeddable":true,"href":"https:\/\/www.4pluspublications.com\/en\/wp-json\/wp\/v2\/media\/3464"}],"wp:attachment":[{"href":"https:\/\/www.4pluspublications.com\/en\/wp-json\/wp\/v2\/media?parent=3478"}],"wp:term":[{"taxonomy":"product_brand","embeddable":true,"href":"https:\/\/www.4pluspublications.com\/en\/wp-json\/wp\/v2\/product_brand?post=3478"},{"taxonomy":"product_cat","embeddable":true,"href":"https:\/\/www.4pluspublications.com\/en\/wp-json\/wp\/v2\/product_cat?post=3478"},{"taxonomy":"product_tag","embeddable":true,"href":"https:\/\/www.4pluspublications.com\/en\/wp-json\/wp\/v2\/product_tag?post=3478"}],"curies":[{"name":"wp","href":"https:\/\/api.w.org\/{rel}","templated":true}]}}