{"id":2630,"date":"2022-05-13T13:31:06","date_gmt":"2022-05-13T11:31:06","guid":{"rendered":"https:\/\/www.4pluspublications.com\/en\/?post_type=product&#038;p=2630"},"modified":"2025-07-21T09:34:28","modified_gmt":"2025-07-21T07:34:28","slug":"mkm144149-mil-mi-2-hoplite-warsaw-pact","status":"publish","type":"product","link":"https:\/\/www.4pluspublications.com\/en\/produkt\/mkm144149-mil-mi-2-hoplite-warsaw-pact\/","title":{"rendered":"[MKM144149] Mil Mi-2 Hoplite \u2018Warsaw Pact\u2019"},"content":{"rendered":"<p>Designed by the Soviet Mil Design Bureau in late 1950s and exclusively produced in Poland by the WSK \u201cPZL-\u015awidnik\u201d factory, the Mi-2 was a small transport and utility helicopter. The Mil\u02bcs prototype first flew in 1961, while the first \u015awidnik-built example took to the air in November 1965. A number of specialised variants were evolved and produced (e.g., armed or chemical reconnaissance, anti-tank, command post, training, passenger\/cargo, rescue\/ambulance or agricultural). The Mi-2 was an all-metal helicopter powered by two Izotov\/Klimov\/PZL GTD-350 turboshaft engines mounted overhead. It featured a main cabin for one pilot and up to 8 passengers, fitted with a large windscreen and side windows. It had a fixed tricycle undercarriage and a tailskid. The engines drove a three-bladed main rotor while a two-bladed tail rotor was mounted on the angled tail boom.<br \/>\nMore than 5,400 helicopters of this type had been built by 1998 (in 113 production batches), with about a third in military guise originally for the Soviet Union and Eastern Bloc countries. Later, many other air forces around the world also took delivery of these helicopters. The Mi-2s were supplied and flown by various civilian operators all over the world (including police), providing invaluable service and also ensuring ubiquitous presence of this type of aircraft in the last decades of the 20th century.<\/p>\n<p>&nbsp;<\/p>\n<p><span style=\"color: #0000ff;\"><strong>Colour schemes included in the kit:<\/strong><\/span><\/p>\n<p>1) Mil Mi-2T Hoplite (WSK-built), Yellow 47 (c\/n 514418095), 41st Independent Helicopter Sq., Western Group of Forces (WGF), VVS USSR (Soviet Air Force), Werneuchen Air Base, East Germany, 1990-93<\/p>\n<p>2) Mil Mi-2U Hoplite (WSK-built), Yellow 33 (c\/n 544945106), 41st Independent Helicopter Sq., Western Group of Forces (WGF), VVS USSR (Soviet Air Force), Werneuchen Air Base, East Germany, 1990-93<\/p>\n<p>3) Mil Mi-2RCh Hoplite (WSK-built), White 9429 (c\/n 519429105), 1st Command and Reconnaissance Sq. (1. lt vpz), Czechoslovak Air Force (vojensk\u00e9 letectvo \u010cSLA), Plze\u0148-L\u00edn\u011b Air Base, Czechoslovakia, this a\/c defected to West Germany on 4th March 1987<\/p>\n<p>4) Mil Mi-2T Hoplite (WSK-built),White 2644 (c\/n 562644112), 45th Experimental Aviation Sq. (45. Lotnicza Eskadra Do\u015bwiadczalna), Polish Air Force (Polskie Lotnictwo Wojskove), Warszawa-Modlin Air Base, seen at Gliwice Airport, Poland, 1989<\/p>\n<p>5) Mil Mi-2T Hoplite (WSK-built), Black 384 (c\/n 562634112), HG 34 Helicopter Regiment (Hubschraubergeschwader), East German Air Force (LSK\/LV DDR \u2013 Luftstreitkr\u00e4fte und Luftverteidigung der DDR, Brandenburg-Briest Air Base, East Germany, 1981<\/p>\n<p>&nbsp;<\/p>\n<p><span style=\"color: #008000;\"><strong>Assembly instructions:<\/strong><\/span><\/p>\n<p><img loading=\"lazy\" decoding=\"async\" class=\"alignnone wp-image-710\" src=\"http:\/\/www.4pluspublications.com\/wp-content\/uploads\/2021\/05\/pdf-download.jpg\" alt=\"\" width=\"60\" height=\"58\" \/><\/p>\n<p><a href=\"http:\/\/www.4pluspublications.com\/wp-content\/uploads\/2022\/05\/MKM144149-Mi-2-Warsaw-Pact_instr-web.pdf\" target=\"_blank\" rel=\"noopener\">MKM144149 Mi-2 Warsaw Pact_instr web<\/a><\/p>\n","protected":false},"excerpt":{"rendered":"<p><span style=\"color: #0000ff;\"><strong>RELEASED 5\/2022<\/strong><\/span><\/p>\n<p class=\"western\">Two injection-moulded kits are supplied in this box and each kit contains 31 parts and three clear parts (the cockpit canopy and side windows). A comprehensive decal sheet is included.<\/p>\n<p>&nbsp;<\/p>\n<p><img loading=\"lazy\" decoding=\"async\" class=\"alignnone size-full wp-image-4678\" src=\"https:\/\/www.4pluspublications.com\/wp-content\/uploads\/2023\/11\/smiley-click-here-moving_p1.jpg\" alt=\"\" width=\"60\" height=\"95\" \/><\/p>\n<p><span style=\"color: #ff0000;\"><strong><a style=\"color: #ff0000;\" href=\"https:\/\/www.eshop.miniwing.cz\/search\/?search=mkm144149\" target=\"_blank\" rel=\"noopener\">On-line order<\/a><\/strong><\/span> (MARK I Modeller\u02bcs Boutique via Miniwing\u02bcs e-shop)<\/p>\n<p><img loading=\"lazy\" decoding=\"async\" class=\"alignnone size-medium wp-image-7089\" src=\"https:\/\/www.4pluspublications.com\/wp-content\/uploads\/2025\/02\/platebni-brany-300x87.jpg\" alt=\"\" width=\"300\" height=\"87\" srcset=\"https:\/\/www.4pluspublications.com\/wp-content\/uploads\/2025\/02\/platebni-brany-300x87.jpg 300w, https:\/\/www.4pluspublications.com\/wp-content\/uploads\/2025\/02\/platebni-brany-768x223.jpg 768w, https:\/\/www.4pluspublications.com\/wp-content\/uploads\/2025\/02\/platebni-brany-600x175.jpg 600w, https:\/\/www.4pluspublications.com\/wp-content\/uploads\/2025\/02\/platebni-brany.jpg 1000w\" sizes=\"auto, (max-width: 300px) 100vw, 300px\" \/><\/p>\n<p>&nbsp;<\/p>\n","protected":false},"featured_media":2613,"template":"","meta":[],"product_brand":[],"product_cat":[65],"product_tag":[74,27],"class_list":{"0":"post-2630","1":"product","2":"type-product","3":"status-publish","4":"has-post-thumbnail","6":"product_cat-144heli","7":"product_tag-plakitheli","8":"product_tag-plakit","10":"first","11":"instock","12":"shipping-taxable","13":"product-type-simple"},"jetpack_sharing_enabled":true,"_links":{"self":[{"href":"https:\/\/www.4pluspublications.com\/en\/wp-json\/wp\/v2\/product\/2630","targetHints":{"allow":["GET"]}}],"collection":[{"href":"https:\/\/www.4pluspublications.com\/en\/wp-json\/wp\/v2\/product"}],"about":[{"href":"https:\/\/www.4pluspublications.com\/en\/wp-json\/wp\/v2\/types\/product"}],"wp:featuredmedia":[{"embeddable":true,"href":"https:\/\/www.4pluspublications.com\/en\/wp-json\/wp\/v2\/media\/2613"}],"wp:attachment":[{"href":"https:\/\/www.4pluspublications.com\/en\/wp-json\/wp\/v2\/media?parent=2630"}],"wp:term":[{"taxonomy":"product_brand","embeddable":true,"href":"https:\/\/www.4pluspublications.com\/en\/wp-json\/wp\/v2\/product_brand?post=2630"},{"taxonomy":"product_cat","embeddable":true,"href":"https:\/\/www.4pluspublications.com\/en\/wp-json\/wp\/v2\/product_cat?post=2630"},{"taxonomy":"product_tag","embeddable":true,"href":"https:\/\/www.4pluspublications.com\/en\/wp-json\/wp\/v2\/product_tag?post=2630"}],"curies":[{"name":"wp","href":"https:\/\/api.w.org\/{rel}","templated":true}]}}