{"id":2570,"date":"2022-04-13T11:18:56","date_gmt":"2022-04-13T09:18:56","guid":{"rendered":"https:\/\/www.4pluspublications.com\/en\/?post_type=product&#038;p=2570"},"modified":"2025-07-21T09:20:50","modified_gmt":"2025-07-21T07:20:50","slug":"mkm144134-mirage-iiid-50dc-50dv-dagger-b-two-seater-australia-south-america","status":"publish","type":"product","link":"https:\/\/www.4pluspublications.com\/en\/produkt\/mkm144134-mirage-iiid-50dc-50dv-dagger-b-two-seater-australia-south-america\/","title":{"rendered":"[MKM144134] Mirage IIID\/50DC\/50DV\/Dagger B Two-seater \u2018Australia &#038; South America\u2019"},"content":{"rendered":"<p>The Mirage III jet fighter was developed by the French Avions Marcel Dassault company and its prototype flew in 1956. Regarded as a versatile second-generation fighter, it was the first Western European aircraft to exceed Mach 2 in level flight. The two-seat Mirage IIID was a trainer version of the upgraded Mirage IIIE destined for export, while the Mirage 50D trainers were based on the Mirage 50 uprated and improved variant; 55 of the former and 6 of the latter (incl. 2 upgraded a\/c) were produced. The Dagger B was an ex-Israeli Nesher T, itself an IAI-built derivative based on the Mirage IIIB airframe, fitted with simplified avionics; four a\/c were delivered to Argentina in 1980.<br \/>\nThe Mirage IIID\/50D\/Dagger B was a two-seat, all-metal monoplane featuring a tailless delta configuration. Compared to the single seater, the fuselage was stretched to accommodate the second seat while the fuselage cannons and radar were removed. It was fitted with ejection seats placed under one-piece clear-view canopy and powered by a SNECMA Atar 09C (or 09K) turbojet. The Mirage 50DV was fitted with canards. If desired, external stores pylons and armament could be carried: two inner underwing pylons were designed for fuel drop tanks and the two outboard ones could carry Sidewinder or Matra Magic missiles.<br \/>\nOutside Europe, the two-seat Mirages were delivered to number of countries in South America, Africa and the Middle East, including Israel, Pakistan, Egypt (via Saudi Arabia) and Zaire. In Australia, 16 Mirage IIIDs were assembled by GAF (10 a\/c in 1966-67 and six in 1973-74).<\/p>\n<p>&nbsp;<\/p>\n<p><span style=\"color: #0000ff;\"><strong>Colour schemes included in the kit:<\/strong><\/span><\/p>\n<p>1) \u00a0 AMD\/GAF Mirage IIID, s\/n A3-104, White 104, No.2 OCU (Operational Conversion Unit), Royal Australian Air Force, Williamtown Base, New South Wales, Australia, 1979<\/p>\n<p>2)\u00a0\u00a0 IAI Dagger B (ex-IAF Nesher T), C-426 (c\/n T-05), Black C-426, Escuadr\u00f3n I de Cazabombardeo (Fighter-Bomber Sq.), Grupo A\u00e9reo 6 de Caza (Air Fighter Group), VI. Brigada A\u00e9rea (Air Brigade), Argentinian Air Force (Fuerza A\u00e9rea Argentina), Tandil Military Air Base (BAM), Argentina, 1982<\/p>\n<p>IAI Dagger B (ex-IAF Nesher T), C-426 (c\/n T-05), Black 26, special decoration to celebrate centenary of the AAF, Escuadr\u00f3n I de Cazabombardeo (Fighter-Bomber Sq.), Grupo A\u00e9reo 6 de Caza (Air Fighter Group), VI. Brigada A\u00e9rea (Air Brigade), Argentinian Air Force (Fuerza A\u00e9rea Argentina), Tandil Military Air Base (BAM), Argentina, 2012-14<\/p>\n<p>3)\u00a0\u00a0 AMD Mirage 50DC, c\/n 516, Black 516, Grupo de Aviaci\u00f3n 4 (Aviation Group), IV Brigada A\u00e9rea (Air Brigade), Chilean Air Force (Fuerza A\u00e9rea de Chile, FACh), Chabunco Air Base (Base A\u00e9rea Chabunco), Punta Arenas, Chile, the 1990s<\/p>\n<p>4)\u00a0\u00a0 AMD Mirage 50DV (upgraded Mirage 5DV), c\/n 7512, Black 7512, Escuela de Aviaci\u00f3n Militar (Military Aviation School), Grupo A\u00e9reo de Caza No.11 (Air Group), Venezuelan Air Force (Fuerza A\u00e9rea Venezolana, FAV), El Libertador Air Base (Base A\u00e9rea Libertador), Aragua, Venezuela, seen during \u2018Exercise Cruzex II\u2019, Natal Air Force Base, Brazil, November 2004<\/p>\n<p>&nbsp;<\/p>\n<p><span style=\"color: #008000;\"><strong>Assembly instructions:<\/strong><\/span><\/p>\n<p><img loading=\"lazy\" decoding=\"async\" class=\"alignnone wp-image-710\" src=\"http:\/\/www.4pluspublications.com\/wp-content\/uploads\/2021\/05\/pdf-download.jpg\" alt=\"\" width=\"60\" height=\"58\" \/><\/p>\n<p><a href=\"http:\/\/www.4pluspublications.com\/wp-content\/uploads\/2022\/04\/MKM144134-Mirage-IIID-50DC-50DV-Dagger-B-Two-seater-Australia-South-America_instr-web.pdf\" target=\"_blank\" rel=\"noopener\">MKM144134 Mirage IIID&#8211;50DC&#8211;50DV&#8211;Dagger B Two-seater Australia &#038; South America_instr web<\/a><\/p>\n","protected":false},"excerpt":{"rendered":"<p><span style=\"color: #0000ff;\"><strong>RELEASED 4\/2022<\/strong><\/span><\/p>\n<p>This injection-moulded kit contains 47 parts and two clear parts (the cockpit canopy and a landing\/taxiing lamp). A comprehensive decal sheet is included.<\/p>\n<p>&nbsp;<\/p>\n<p><img loading=\"lazy\" decoding=\"async\" class=\"alignnone size-full wp-image-4678\" src=\"http:\/\/www.4pluspublications.com\/wp-content\/uploads\/2023\/11\/smiley-click-here-moving_p1.jpg\" alt=\"\" width=\"60\" height=\"95\" \/><\/p>\n<p><span style=\"color: #ff0000;\"><strong><a style=\"color: #ff0000;\" href=\"https:\/\/www.eshop.miniwing.cz\/category\/mark-i-models\/mark-i-models-1-144\/mirage-iiid-50dc-50dv-dagger-b-two-seater-australia-south-america\/\" target=\"_blank\" rel=\"noopener\">On-line order<\/a><\/strong><\/span> (MARK I Modeller\u02bcs Boutique via Miniwing\u02bcs e-shop)<\/p>\n<p><img loading=\"lazy\" decoding=\"async\" class=\"alignnone size-medium wp-image-7089\" src=\"https:\/\/www.4pluspublications.com\/wp-content\/uploads\/2025\/02\/platebni-brany-300x87.jpg\" alt=\"\" width=\"300\" height=\"87\" srcset=\"https:\/\/www.4pluspublications.com\/wp-content\/uploads\/2025\/02\/platebni-brany-300x87.jpg 300w, https:\/\/www.4pluspublications.com\/wp-content\/uploads\/2025\/02\/platebni-brany-768x223.jpg 768w, https:\/\/www.4pluspublications.com\/wp-content\/uploads\/2025\/02\/platebni-brany-600x175.jpg 600w, https:\/\/www.4pluspublications.com\/wp-content\/uploads\/2025\/02\/platebni-brany.jpg 1000w\" sizes=\"auto, (max-width: 300px) 100vw, 300px\" \/><\/p>\n<p>&nbsp;<\/p>\n","protected":false},"featured_media":2560,"template":"","meta":[],"product_brand":[],"product_cat":[39],"product_tag":[72,27],"class_list":{"0":"post-2570","1":"product","2":"type-product","3":"status-publish","4":"has-post-thumbnail","6":"product_cat-144kitjet","7":"product_tag-plakitjet","8":"product_tag-plakit","10":"first","11":"instock","12":"shipping-taxable","13":"product-type-simple"},"jetpack_sharing_enabled":true,"_links":{"self":[{"href":"https:\/\/www.4pluspublications.com\/en\/wp-json\/wp\/v2\/product\/2570","targetHints":{"allow":["GET"]}}],"collection":[{"href":"https:\/\/www.4pluspublications.com\/en\/wp-json\/wp\/v2\/product"}],"about":[{"href":"https:\/\/www.4pluspublications.com\/en\/wp-json\/wp\/v2\/types\/product"}],"wp:featuredmedia":[{"embeddable":true,"href":"https:\/\/www.4pluspublications.com\/en\/wp-json\/wp\/v2\/media\/2560"}],"wp:attachment":[{"href":"https:\/\/www.4pluspublications.com\/en\/wp-json\/wp\/v2\/media?parent=2570"}],"wp:term":[{"taxonomy":"product_brand","embeddable":true,"href":"https:\/\/www.4pluspublications.com\/en\/wp-json\/wp\/v2\/product_brand?post=2570"},{"taxonomy":"product_cat","embeddable":true,"href":"https:\/\/www.4pluspublications.com\/en\/wp-json\/wp\/v2\/product_cat?post=2570"},{"taxonomy":"product_tag","embeddable":true,"href":"https:\/\/www.4pluspublications.com\/en\/wp-json\/wp\/v2\/product_tag?post=2570"}],"curies":[{"name":"wp","href":"https:\/\/api.w.org\/{rel}","templated":true}]}}