{"id":2521,"date":"2022-03-14T11:20:49","date_gmt":"2022-03-14T10:20:49","guid":{"rendered":"https:\/\/www.4pluspublications.com\/en\/?post_type=product&#038;p=2521"},"modified":"2025-07-15T09:56:48","modified_gmt":"2025-07-15T07:56:48","slug":"mkd48013-fairey-swordfish-cm-1-48-decals","status":"publish","type":"product","link":"https:\/\/www.4pluspublications.com\/en\/produkt\/mkd48013-fairey-swordfish-cm-1-48-decals\/","title":{"rendered":"[MKD48013] Fairey Swordfish C&#038;M + 1\/48 decals"},"content":{"rendered":"<p>The Swordfish biplane \u2013 the legendary \u2018Stringbag\u2019 \u2013 was designed in 1934 to meet the Air Ministry\u2019s requirement for an aeroplane in the Torpedo-Spotter-Reconnaissance (TSR) category. Produced in substantial numbers by the Fairey and Blackburn companies, it became a real workhorse of the Fleet Air Arm fulfilling search and anti-shipping roles, destroying enemy surface vessels and U-Boats and carrying out escort duties with convoys. By 1944 almost 2,400 Swordfish had been completed.<\/p>\n<p>&nbsp;<\/p>\n<p><span style=\"color: #008000;\"><strong>Stencil decal placement:<\/strong><\/span><\/p>\n<p><img loading=\"lazy\" decoding=\"async\" class=\"alignnone wp-image-710\" src=\"http:\/\/www.4pluspublications.com\/wp-content\/uploads\/2021\/05\/pdf-download.jpg\" alt=\"\" width=\"60\" height=\"58\" \/><\/p>\n<p><a href=\"http:\/\/www.4pluspublications.com\/wp-content\/uploads\/2022\/03\/popisky-stencils-Fairey.pdf\">stencils Fairey<\/a><\/p>\n<p><a href=\"http:\/\/www.4pluspublications.com\/wp-content\/uploads\/2022\/03\/popisky-stencils-Blackburn.pdf\">stencils Blackburn<\/a><\/p>\n","protected":false},"excerpt":{"rendered":"<p><span style=\"color: #0000ff;\"><strong>PUBLISHED IN 2011<\/strong><\/span><\/p>\n<p><span style=\"color: #0000ff;\"><strong>RE-RELEASED IN 2022<\/strong><\/span><\/p>\n<p><span style=\"color: #ff0000;\"><strong>OUT OF PRINT<\/strong><\/span><\/p>\n<p>The publication has 28 pages, including a total of 44 overall and detailed photographs, 13 pages of colour camouflage schemes and their description. Text in English. A comprehensive decal sheet is added for modellers\u2019 convenience.<\/p>\n<p>This edition also includes a bonus \u2013 an extra decal option, the thirteenth in a dozen, while additional colour profiles are also included to cover another aeroplane. The following aircraft are depicted: Fleet Air Arm (11x), Royal Air Force (1x) and Royal Canadian Navy (1x).<\/p>\n<ul>\n<li>Authors: Michal Ov\u010d\u00e1\u010d\u00edk and Karel Susa<\/li>\n<li>ISBN: 978-80-86637-40-2<\/li>\n<\/ul>\n<p>&nbsp;<\/p>\n","protected":false},"featured_media":2523,"template":"","meta":[],"product_brand":[],"product_cat":[48],"product_tag":[96,55],"class_list":{"0":"post-2521","1":"product","2":"type-product","3":"status-publish","4":"has-post-thumbnail","6":"product_cat-48doz","7":"product_tag-pubdec48","8":"product_tag-pubdec","10":"first","11":"outofstock","12":"shipping-taxable","13":"product-type-simple"},"jetpack_sharing_enabled":true,"_links":{"self":[{"href":"https:\/\/www.4pluspublications.com\/en\/wp-json\/wp\/v2\/product\/2521","targetHints":{"allow":["GET"]}}],"collection":[{"href":"https:\/\/www.4pluspublications.com\/en\/wp-json\/wp\/v2\/product"}],"about":[{"href":"https:\/\/www.4pluspublications.com\/en\/wp-json\/wp\/v2\/types\/product"}],"wp:featuredmedia":[{"embeddable":true,"href":"https:\/\/www.4pluspublications.com\/en\/wp-json\/wp\/v2\/media\/2523"}],"wp:attachment":[{"href":"https:\/\/www.4pluspublications.com\/en\/wp-json\/wp\/v2\/media?parent=2521"}],"wp:term":[{"taxonomy":"product_brand","embeddable":true,"href":"https:\/\/www.4pluspublications.com\/en\/wp-json\/wp\/v2\/product_brand?post=2521"},{"taxonomy":"product_cat","embeddable":true,"href":"https:\/\/www.4pluspublications.com\/en\/wp-json\/wp\/v2\/product_cat?post=2521"},{"taxonomy":"product_tag","embeddable":true,"href":"https:\/\/www.4pluspublications.com\/en\/wp-json\/wp\/v2\/product_tag?post=2521"}],"curies":[{"name":"wp","href":"https:\/\/api.w.org\/{rel}","templated":true}]}}