{"id":2488,"date":"2022-02-09T01:10:13","date_gmt":"2022-02-09T00:10:13","guid":{"rendered":"https:\/\/www.4pluspublications.com\/en\/?post_type=product&#038;p=2488"},"modified":"2022-02-10T10:54:01","modified_gmt":"2022-02-10T09:54:01","slug":"4007-mig-15-fagot-midget-all-variants","status":"publish","type":"product","link":"https:\/\/www.4pluspublications.com\/en\/produkt\/4007-mig-15-fagot-midget-all-variants\/","title":{"rendered":"[4+007] MiG-15 Fagot\/Midget (all variants)"},"content":{"rendered":"<p>At the beginning of the 1950s the Soviet swept-wing jet aeroplane formed the backbone of the fighter air forces of the then so called people\u2019s democtratic states and was still in service as a fighter-bomber in the mid-sixties. The MiG-15 first appeared in the air battles during the Korean War and became the true legend among the fighter aircraft. The MiG-15 was an important piece of equipment for many air forces during their entry to the jet age.<\/p>\n","protected":false},"excerpt":{"rendered":"<p><span style=\"color: #0000ff;\"><strong>PUBLISHED IN 1997<\/strong><\/span><\/p>\n<p>The book is soft bound, with a saddle stitched spine binding; actual size 11\u00bein x 8\u00bcin (297 x 210 mm); it has 48 pages, 193 b&#038;w and 60 colour photos and 4 pages of monochrome camouflage profiles (19 machines depicted). The book describes the type history and technical aspects of the aeroplane, completed with a production overview . Camouflage and armament &#038; equipment descriptions, detailed 1:72 and 1:48 scale plans, cockpit interior drawings, cutaway drawing and various sketches and a pull-out poster are also included.<\/p>\n<ul>\n<li>Authors: Yefim Gordon, Stanislav Skala, Ji\u0159\u00ed Ba\u0161n\u00fd, Michal Ov\u010d\u00e1\u010d\u00edk and Karel Susa<\/li>\n<li>ISBN: 80-900708-6-8<\/li>\n<\/ul>\n<p>&nbsp;<\/p>\n","protected":false},"featured_media":2475,"template":"","meta":[],"product_brand":[],"product_cat":[46],"product_tag":[91,54],"class_list":{"0":"post-2488","1":"product","2":"type-product","3":"status-publish","4":"has-post-thumbnail","6":"product_cat-4pluspub","7":"product_tag-mono","8":"product_tag-pub","10":"first","11":"instock","12":"shipping-taxable","13":"product-type-simple"},"jetpack_sharing_enabled":true,"_links":{"self":[{"href":"https:\/\/www.4pluspublications.com\/en\/wp-json\/wp\/v2\/product\/2488","targetHints":{"allow":["GET"]}}],"collection":[{"href":"https:\/\/www.4pluspublications.com\/en\/wp-json\/wp\/v2\/product"}],"about":[{"href":"https:\/\/www.4pluspublications.com\/en\/wp-json\/wp\/v2\/types\/product"}],"wp:featuredmedia":[{"embeddable":true,"href":"https:\/\/www.4pluspublications.com\/en\/wp-json\/wp\/v2\/media\/2475"}],"wp:attachment":[{"href":"https:\/\/www.4pluspublications.com\/en\/wp-json\/wp\/v2\/media?parent=2488"}],"wp:term":[{"taxonomy":"product_brand","embeddable":true,"href":"https:\/\/www.4pluspublications.com\/en\/wp-json\/wp\/v2\/product_brand?post=2488"},{"taxonomy":"product_cat","embeddable":true,"href":"https:\/\/www.4pluspublications.com\/en\/wp-json\/wp\/v2\/product_cat?post=2488"},{"taxonomy":"product_tag","embeddable":true,"href":"https:\/\/www.4pluspublications.com\/en\/wp-json\/wp\/v2\/product_tag?post=2488"}],"curies":[{"name":"wp","href":"https:\/\/api.w.org\/{rel}","templated":true}]}}