{"id":2260,"date":"2022-01-03T21:08:59","date_gmt":"2022-01-03T20:08:59","guid":{"rendered":"https:\/\/www.4pluspublications.com\/en\/?post_type=product&#038;p=2260"},"modified":"2025-07-15T09:46:03","modified_gmt":"2025-07-15T07:46:03","slug":"mkm144115-messerschmitt-me-262a-1-avia-s-92-interceptor","status":"publish","type":"product","link":"https:\/\/www.4pluspublications.com\/en\/produkt\/mkm144115-messerschmitt-me-262a-1-avia-s-92-interceptor\/","title":{"rendered":"[MKM144115] Messerschmitt Me 262A-1\/Avia S-92 \u2018Interceptor\u2019"},"content":{"rendered":"<p>The Me 262 Schwalbe was a German jet fighter designed by the team led by Willy Messerschmitt. It was one of the most advanced warplanes to see front-line service during WWII. Its protracted development began in 1939, but aerodynamics research work and jet engine development delayed its mass production. The prototype Me 262V1 flew in April 1941, followed by a number of research and pre-production aircraft; the series-built Me 262As appeared only in the summer of 1944.<br \/>\nThe Me 262A single seater was built in three main versions: A-1a fighter, A-2a fighter-bomber and A-1a\/U3 reconnaissance aircraft. It was an all-metal low-wing monoplane, of a streamlined design, powered by two Jumo 004 turbojets suspended under the wings. It featured novel features such as swept-back wing and a tricycle landing gear. It had a clear-view canopy and was fitted with a non-ejection seat. It was equipped with four MK 108 cannons mounted in the fuselage nose. Two bomb pylons could also be carried under the front fuselage (A-1a\/Jabo and A-2a variants), while two racks for R4M air-to-air rockets could be installed under the outer wings (A-1b). More than 1,400 planes were produced, but a max. of 200 were operational at any one time. Even though the Me 262s were rather late and unable to turn the tide and help the Germans to win the air war over Europe, they were capable interceptors and a significant menace.<br \/>\nA number of Me 262s fell into Allied hands and some were examined in Britain, the USSR and the USA post-war. A few Me 262As, designated the Avia S-92, were also operated by the Czechoslovak Air Force; a total of nine S-92s were introduced in 1947 and used until 1951.<\/p>\n<p>&nbsp;<\/p>\n<p><strong><span style=\"color: #0000ff;\">Colour schemes included in the kit:<\/span><\/strong><\/p>\n<p>1) Messerschmitt Me 262 S3, Red 3, VI+AH (W.Nr. 130008), Erprobungskommando 262 (EKdo, Operational Test Command), Luftwaffe, Lechfeld Air Base, Germany, April 1944<\/p>\n<p>2) Messerschmitt Me 262A-1a (V056), White V056 (W.Nr. 170056), FuG 226 radar antennae demonstrator, Erprobungsstelle Rechlin (E-Stelle, Weapons Testing Ground), Luftwaffe, Rechlin\/L\u00e4rz Air Base, Germany, March 1945<\/p>\n<p>3) Messerschmitt Me 262A-1a, Yellow 7 (W.Nr. 110800), 1.\/JG 7, Luftwaffe\/RAF, \u017datec\/L\u00fcbeck Air Base, Bohemia-Moravia Protectorate\/Germany, May 1945<\/p>\n<p>4) Avia S-92 (modified Me 262A-1), Black V-36 (c\/n 6), Jet Aircraft Training Flight, LV\u00da Aviation Research Institute (V\u00fdcvikov\u00e1 letka tryskov\u00fdch letadel p\u0159i Leteck\u00e9m v\u00fdzkumn\u00e9m \u00fastavu), Czechoslovak Air Force (vojensk\u00e9 letectvo \u010cSLA), \u017datec and Prague-Kbely Air Bases, Czechoslovakia, 1949-50<\/p>\n<p>&nbsp;<\/p>\n<p><strong><span style=\"color: #008000;\">Assembly instructions:<\/span><\/strong><\/p>\n<p><img loading=\"lazy\" decoding=\"async\" class=\"alignnone wp-image-710\" src=\"http:\/\/www.4pluspublications.com\/wp-content\/uploads\/2021\/05\/pdf-download.jpg\" alt=\"\" width=\"60\" height=\"58\" \/><\/p>\n<p><a href=\"http:\/\/www.4pluspublications.com\/wp-content\/uploads\/2022\/01\/MKM144115-Me-262A_S-92_instr-web.pdf\" target=\"_blank\" rel=\"noopener\">MKM144115 Me 262A_S-92_instr web<\/a><\/p>\n","protected":false},"excerpt":{"rendered":"<p><strong><span style=\"color: #0000ff;\">RELEASED 2\/2020<\/span><\/strong><\/p>\n<p><strong><span style=\"color: #ff0000;\">SOLD OUT<\/span><\/strong><\/p>\n<p class=\"western\">Two injection-moulded kits are supplied in this box and each kit contains 34 parts and one clear part (the cockpit canopy). Two small frets with photo-etched parts and a comprehensive decal sheet are included.<\/p>\n<p>&nbsp;<\/p>\n<p class=\"western\"><span style=\"color: #ff6600;\"><strong>Curious about related product(s)?<\/strong> <\/span><\/p>\n<p><img loading=\"lazy\" decoding=\"async\" class=\"alignnone size-full wp-image-4712\" src=\"http:\/\/www.4pluspublications.com\/wp-content\/uploads\/2023\/11\/smiley-thinking-curious_r.jpg\" alt=\"\" width=\"77\" height=\"95\" \/><\/p>\n<p><span style=\"color: #0000ff;\">[<a style=\"color: #0000ff;\" href=\"https:\/\/www.4pluspublications.com\/en\/produkt\/mka14423-me-262a-conv-weapon-set-me-262a-1-u3-incl-decals-me-262a-1a-jabo-a-2a\/\">MKA14423<\/a>]<\/span> Me 262 Conversion and Weapon Set<\/p>\n<p>&nbsp;<\/p>\n","protected":false},"featured_media":2257,"template":"","meta":[],"product_brand":[],"product_cat":[39],"product_tag":[72,27],"class_list":{"0":"post-2260","1":"product","2":"type-product","3":"status-publish","4":"has-post-thumbnail","6":"product_cat-144kitjet","7":"product_tag-plakitjet","8":"product_tag-plakit","10":"first","11":"outofstock","12":"shipping-taxable","13":"product-type-simple"},"jetpack_sharing_enabled":true,"_links":{"self":[{"href":"https:\/\/www.4pluspublications.com\/en\/wp-json\/wp\/v2\/product\/2260","targetHints":{"allow":["GET"]}}],"collection":[{"href":"https:\/\/www.4pluspublications.com\/en\/wp-json\/wp\/v2\/product"}],"about":[{"href":"https:\/\/www.4pluspublications.com\/en\/wp-json\/wp\/v2\/types\/product"}],"wp:featuredmedia":[{"embeddable":true,"href":"https:\/\/www.4pluspublications.com\/en\/wp-json\/wp\/v2\/media\/2257"}],"wp:attachment":[{"href":"https:\/\/www.4pluspublications.com\/en\/wp-json\/wp\/v2\/media?parent=2260"}],"wp:term":[{"taxonomy":"product_brand","embeddable":true,"href":"https:\/\/www.4pluspublications.com\/en\/wp-json\/wp\/v2\/product_brand?post=2260"},{"taxonomy":"product_cat","embeddable":true,"href":"https:\/\/www.4pluspublications.com\/en\/wp-json\/wp\/v2\/product_cat?post=2260"},{"taxonomy":"product_tag","embeddable":true,"href":"https:\/\/www.4pluspublications.com\/en\/wp-json\/wp\/v2\/product_tag?post=2260"}],"curies":[{"name":"wp","href":"https:\/\/api.w.org\/{rel}","templated":true}]}}