{"id":2201,"date":"2022-01-02T19:36:46","date_gmt":"2022-01-02T18:36:46","guid":{"rendered":"https:\/\/www.4pluspublications.com\/en\/?post_type=product&#038;p=2201"},"modified":"2025-03-29T11:50:20","modified_gmt":"2025-03-29T10:50:20","slug":"mkm144130-hawker-siddeley-hs-748-hal-748-vip-service","status":"publish","type":"product","link":"https:\/\/www.4pluspublications.com\/en\/produkt\/mkm144130-hawker-siddeley-hs-748-hal-748-vip-service\/","title":{"rendered":"[MKM144130] Hawker Siddeley HS.748\/HAL-748 \u2018VIP Service\u2019"},"content":{"rendered":"<p>The HS.748 was a British short\/medium-range twin-engined airliner designed during the late 1950s. It was originally developed and initially produced by A.V. Roe &#038; Co., then \u2013 after its dissolution \u2013 by Hawker Siddeley Aviation and later by its successor, British Aerospace.<br \/>\nThe 748 was a remarkably successful aeroplane\u00a0and an effective DC-3 replacement in many parts of the world. The first prototype (G-APZV) first flew in June 1960. Initially, the Srs.1 version for 44 passengers was built (24 a\/c), then production was switched to the 52-seat Avro 748 Srs.2, followed by the Srs.2A and 2B with further increases in power and maximum weight. A total of 350 HS.748s were built which also included\u00a089 aircraft manufactured by Indian Hindustan Aeronautics and this type continued in production until 1988.<br \/>\nThe HS.748 was a low-wing monoplane of an all-metal construction, fitted with a nose-wheel type tricycle undercarriage. The flight crew consisted of two members, while the cabin accommodated passengers or could be adjusted to mixed passenger\/freight layout.<br \/>\nPowered by two Dart turboprop engines, it possessed a high level of performance, including short takeoff and landing (STOL) capabilities and overall ruggedness. In freight configuration the aircraft was capable of hauling payloads in excess of 10,000 lb (4,540 kg).<br \/>\nSignificant military users included the RAF, the Royal Australian and the Royal Thai Air Forces. Smaller numbers of the 748 were delivered to air forces of Belgium, Brazilia, Colombia, Ecuador and India, while the majority of the 748s were flown by various British and overseas airline operators.<\/p>\n<p>&nbsp;<\/p>\n<p><span style=\"color: #0000ff;\"><strong>Colour schemes included in the kit:<\/strong><\/span><\/p>\n<p>1) Hawker Siddeley HS.748 (Srs.2 Model 206) Andover CC Mk.2, XS790 (c\/n 1562), The Queen\u2019s Flight, Royal Air Force, Benson Air Base, Oxfordshire, U.K., 1975-77<\/p>\n<p>2) Hindustan Aeronautics HAL-748 (Srs.2 Model 218), Black H-1178\/F (c\/n HAL\/K\/534), Air Headquarters Communication Squadron (AHQCS, also known as Pegasus Sq.), Indian Air Force (Bharatiya Vayu Sena), Palam Air Force Station, India, 2003<\/p>\n<p>3) C-91\/Avro 748 (Srs.2 Model 205) \u201cAvrinho\u02ee, 2501 (c\/n 1551), Black 2501, 1st Sq., 2nd Transport Group (1\u00ba\/2\u00ba Grupo de Transporte, GT), Brazilian Air Force (For\u00e7a A\u00e9rea Brasileira, FAB), Gale\u00e3o Air Force Base (Base A\u00e9rea do Gale\u00e3o), Rio de Janeiro, Brazil, 1969-78<\/p>\n<p>&nbsp;<\/p>\n<p><span style=\"color: #008000;\"><strong>Assembly instructions:<\/strong><\/span><\/p>\n<p><img loading=\"lazy\" decoding=\"async\" class=\"alignnone wp-image-710\" src=\"http:\/\/www.4pluspublications.com\/wp-content\/uploads\/2021\/05\/pdf-download.jpg\" alt=\"\" width=\"60\" height=\"58\" \/><\/p>\n<p><a href=\"http:\/\/www.4pluspublications.com\/wp-content\/uploads\/2022\/01\/MKM144130-Avro-748_Andover-CC.2_VIP_instr-web.pdf\" target=\"_blank\" rel=\"noopener\">MKM144130 Avro 748_Andover CC.2_VIP_instr web<\/a><\/p>\n","protected":false},"excerpt":{"rendered":"<p><strong><span style=\"color: #0000ff;\">RELEASED 11\/2020<\/span><\/strong><\/p>\n<p class=\"western\">This injection-moulded kit contains 51 parts. For modeller<span lang=\"en-US\">\u2019<\/span>s convenience a display base, made of pasteboard card, depicting tarmac section of the military airport is added. A comprehensive instruction leaflet and a decal sheet are included.<\/p>\n<p>&nbsp;<\/p>\n<p><img loading=\"lazy\" decoding=\"async\" class=\"alignnone size-full wp-image-4678\" src=\"http:\/\/www.4pluspublications.com\/wp-content\/uploads\/2023\/11\/smiley-click-here-moving_p1.jpg\" alt=\"\" width=\"60\" height=\"95\" \/><\/p>\n<p><span style=\"color: #ff0000;\"><strong><a style=\"color: #ff0000;\" href=\"https:\/\/www.eshop.miniwing.cz\/category\/mark-i-models\/mark-i-models-1-144\/hs-748-hal-748-vip-service\/\" target=\"_blank\" rel=\"noopener\">On-line order<\/a><\/strong><\/span> (MARK I Modeller\u02bcs Boutique via Miniwing\u02bcs e-shop)<\/p>\n<p><img loading=\"lazy\" decoding=\"async\" class=\"alignnone size-medium wp-image-7089\" src=\"https:\/\/www.4pluspublications.com\/wp-content\/uploads\/2025\/02\/platebni-brany-300x87.jpg\" alt=\"\" width=\"300\" height=\"87\" srcset=\"https:\/\/www.4pluspublications.com\/wp-content\/uploads\/2025\/02\/platebni-brany-300x87.jpg 300w, https:\/\/www.4pluspublications.com\/wp-content\/uploads\/2025\/02\/platebni-brany-768x223.jpg 768w, https:\/\/www.4pluspublications.com\/wp-content\/uploads\/2025\/02\/platebni-brany-600x175.jpg 600w, https:\/\/www.4pluspublications.com\/wp-content\/uploads\/2025\/02\/platebni-brany.jpg 1000w\" sizes=\"auto, (max-width: 300px) 100vw, 300px\" \/><\/p>\n<p>&nbsp;<\/p>\n<p><span style=\"color: #ff6600;\"><strong>Curious about related product(s)?<\/strong><\/span><\/p>\n<p><img loading=\"lazy\" decoding=\"async\" class=\"alignnone size-full wp-image-4712\" src=\"https:\/\/www.4pluspublications.com\/wp-content\/uploads\/2023\/11\/smiley-thinking-curious_r.jpg\" alt=\"\" width=\"77\" height=\"95\" \/><\/p>\n<p>[<span style=\"color: #0000ff;\"><a style=\"color: #0000ff;\" href=\"https:\/\/laci-ltd.uk\/en\/resin-sets-144\/49-rolls-royce-dart-532534.html\" target=\"_blank\" rel=\"noopener\">LAC144045<\/a><\/span>] Rolls-Royce Dart 532\/534 engines, 3D printed resin set (designed to be used with MARK I kits)<\/p>\n<p>[<span style=\"color: #0000ff;\"><a style=\"color: #0000ff;\" href=\"https:\/\/laci-ltd.uk\/en\/resin-sets-144\/231-hs-748-andover-landing-flaps-for-mark-1-kit.html\" target=\"_blank\" rel=\"noopener\">LAC144172<\/a><\/span>] HS.748 Andover landing flaps, 3D printed resin set (designed to be used with MARK I kits)<\/p>\n<p>[<span style=\"color: #0000ff;\"><a style=\"color: #0000ff;\" href=\"https:\/\/www.4pluspublications.com\/en\/produkt\/dmk144-501-hs-748-hal-748-andover-military-pt-1\/\" target=\"_blank\" rel=\"noopener\">DMK144-501<\/a><\/span>] decal sheet for HS.748\/HAL-748 \u2018Andover Military\u2019 (Pt.1)<\/p>\n<p>&nbsp;<\/p>\n<p><span style=\"color: #008000;\"><strong>You may evaluate reading the following:<\/strong><\/span><\/p>\n<p>[<a href=\"https:\/\/www.scalemates.com\/kits\/mark-i-models-mkm144130-andover-cc2-hal-748-c-91--1349134\">concise product info on scalemates<\/a>]<\/p>\n<p>&nbsp;<\/p>\n","protected":false},"featured_media":2204,"template":"","meta":[],"product_brand":[],"product_cat":[40],"product_tag":[75,27],"class_list":{"0":"post-2201","1":"product","2":"type-product","3":"status-publish","4":"has-post-thumbnail","6":"product_cat-144linkit","7":"product_tag-plakitairline","8":"product_tag-plakit","10":"first","11":"instock","12":"shipping-taxable","13":"product-type-simple"},"jetpack_sharing_enabled":true,"_links":{"self":[{"href":"https:\/\/www.4pluspublications.com\/en\/wp-json\/wp\/v2\/product\/2201","targetHints":{"allow":["GET"]}}],"collection":[{"href":"https:\/\/www.4pluspublications.com\/en\/wp-json\/wp\/v2\/product"}],"about":[{"href":"https:\/\/www.4pluspublications.com\/en\/wp-json\/wp\/v2\/types\/product"}],"wp:featuredmedia":[{"embeddable":true,"href":"https:\/\/www.4pluspublications.com\/en\/wp-json\/wp\/v2\/media\/2204"}],"wp:attachment":[{"href":"https:\/\/www.4pluspublications.com\/en\/wp-json\/wp\/v2\/media?parent=2201"}],"wp:term":[{"taxonomy":"product_brand","embeddable":true,"href":"https:\/\/www.4pluspublications.com\/en\/wp-json\/wp\/v2\/product_brand?post=2201"},{"taxonomy":"product_cat","embeddable":true,"href":"https:\/\/www.4pluspublications.com\/en\/wp-json\/wp\/v2\/product_cat?post=2201"},{"taxonomy":"product_tag","embeddable":true,"href":"https:\/\/www.4pluspublications.com\/en\/wp-json\/wp\/v2\/product_tag?post=2201"}],"curies":[{"name":"wp","href":"https:\/\/api.w.org\/{rel}","templated":true}]}}