{"id":2089,"date":"2022-01-01T16:48:47","date_gmt":"2022-01-01T15:48:47","guid":{"rendered":"https:\/\/www.4pluspublications.com\/en\/?post_type=product&#038;p=2089"},"modified":"2026-01-18T21:04:00","modified_gmt":"2026-01-18T20:04:00","slug":"mkm144069-dh-vampire-fb-5-fb-51-fb-52a-mk-6-in-europe-north-africa","status":"publish","type":"product","link":"https:\/\/www.4pluspublications.com\/en\/produkt\/mkm144069-dh-vampire-fb-5-fb-51-fb-52a-mk-6-in-europe-north-africa\/","title":{"rendered":"[MKM144069] DH Vampire FB.5\/FB.51\/FB.52A\/Mk.6 \u2018In Europe &#038; North Africa\u2019"},"content":{"rendered":"<p>The de Havilland Vampire was a British jet fighter developed during WWII. It was the second jet, after the Gloster Meteor, operated by the RAF. The Vampire Mk.5, which flew in June 1948, was a fighter-bomber modified from the Vampire F.3 fighter.<br \/>\nIt was a single-seat monoplane aircraft, of a combined wood-and-metal construction, powered by a DH Goblin turbojet. It featured twin-boom tail configuration with two wing-root intakes, bubble canopy and was fitted with a non-ejection seat. Two external tanks or 500lb bombs could be carried under the wing, while eight 3\u2033 RPs could be attached inboard of the booms.<br \/>\nThe Vampire replaced wartime piston-engine fighters and was in front-line service until 1953. The Vampire FB.5 equipped many RAF units in Europe, the Middle East and the Far East, while, by far, the largest number of Vampires were stationed in Germany.<br \/>\nAlmost 3,300 Vampires of all marks were manufactured, a quarter of them built under licence in other countries, including France, Italy and Switzerland. It was also sold to many nations and operated in a wide range of environments around the world.<\/p>\n<p>&nbsp;<\/p>\n<p><strong><span style=\"color: #0000ff;\">Colour schemes included in the kit:<\/span><\/strong><\/p>\n<p>1) de Havilland DH.100 Vampire FB Mk.5, WA144, Black A-U, No.112 Sq., RAF, Br\u00fcggen Air Base, Germany, autumn 1953<\/p>\n<p>2) SNCASE (de Havilland DH.100) Vampire FB Mk.51, No.10080, White 57.S.15, Escadrille 57S (\u00c9cole de Chasse \u00e0 R\u00e9action), French Navy (A\u00e9ronautique navale), Khouribga Naval Base, Morocco, mid-1950s<\/p>\n<p>3) de Havilland DH.100 Vampire FB Mk.52A, MM6024, Black S-3 171, 6th Sq. (Gruppo), 4th Fighter Wing (Stormo Caccia), Italian Air Force (Aeronautica Militare), Napoli-Capodichino Air Base, during \u2018Exercise Cirrus\u2019, Wiesbaden Air Base, Germany, August 1951<\/p>\n<p>4A) Federal Aircraft Works F+W (de Havilland DH.100) Vampire Mk.6, Black J-1107, Swiss Air Force (Schweizer Luftwaffe), Emmen Air Base, the 1950s<br \/>\n4B) Federal Aircraft Works F+W (de Havilland DH.100) Vampire Mk.6, Black J-1107, (experimental camouflage scheme for \u201cTarget Actor\u201d a\/c), Zielfliegerkorps 5 (Aerial Target Corps), Swiss Air Force, Samedan Airport, 1977<\/p>\n<p>&nbsp;<\/p>\n<p><span style=\"color: #008000;\"><strong>Assembly instructions:<\/strong><\/span><\/p>\n<p><img loading=\"lazy\" decoding=\"async\" class=\"alignnone wp-image-710\" src=\"http:\/\/www.4pluspublications.com\/wp-content\/uploads\/2021\/05\/pdf-download.jpg\" alt=\"\" width=\"60\" height=\"58\" \/><\/p>\n<p><a href=\"http:\/\/www.4pluspublications.com\/wp-content\/uploads\/2022\/01\/MKM14469-Vampire-FB.5-European_instr-web.pdf\" target=\"_blank\" rel=\"noopener\">MKM144069 Vampire FB.5 European_instr web<\/a><\/p>\n","protected":false},"excerpt":{"rendered":"<p><strong><span style=\"color: #0000ff;\">RELEASED 6\/2017<\/span><\/strong><\/p>\n<p>Two injection-moulded kits are supplied in this box and each kit contains 31 parts and three clear parts (the cockpit canopy and position lights). A comprehensive decal sheet is included.<\/p>\n<p>&nbsp;<\/p>\n<p><img loading=\"lazy\" decoding=\"async\" class=\"alignnone size-full wp-image-4678\" src=\"http:\/\/www.4pluspublications.com\/wp-content\/uploads\/2023\/11\/smiley-click-here-moving_p1.jpg\" alt=\"\" width=\"60\" height=\"95\" \/><\/p>\n<p><span style=\"color: #ff0000;\"><strong><a style=\"color: #ff0000;\" href=\"https:\/\/www.eshop.miniwing.cz\/category\/mark-i-models\/mark-i-models-1-144\/dh-vampire-fb-5-fb-51-fb-52a-mk-6-in-europe-north-africa\/\" target=\"_blank\" rel=\"noopener\">On-line order<\/a><\/strong><\/span> (MARK I Modeller\u02bcs Boutique via Miniwing\u02bcs e-shop)<\/p>\n<p><img loading=\"lazy\" decoding=\"async\" class=\"alignnone size-medium wp-image-7089\" src=\"https:\/\/www.4pluspublications.com\/wp-content\/uploads\/2025\/02\/platebni-brany-300x87.jpg\" alt=\"\" width=\"300\" height=\"87\" srcset=\"https:\/\/www.4pluspublications.com\/wp-content\/uploads\/2025\/02\/platebni-brany-300x87.jpg 300w, https:\/\/www.4pluspublications.com\/wp-content\/uploads\/2025\/02\/platebni-brany-768x223.jpg 768w, https:\/\/www.4pluspublications.com\/wp-content\/uploads\/2025\/02\/platebni-brany-600x175.jpg 600w, https:\/\/www.4pluspublications.com\/wp-content\/uploads\/2025\/02\/platebni-brany.jpg 1000w\" sizes=\"auto, (max-width: 300px) 100vw, 300px\" \/><\/p>\n<p>&nbsp;<\/p>\n","protected":false},"featured_media":2064,"template":"","meta":[],"product_brand":[],"product_cat":[39],"product_tag":[72,27],"class_list":{"0":"post-2089","1":"product","2":"type-product","3":"status-publish","4":"has-post-thumbnail","6":"product_cat-144kitjet","7":"product_tag-plakitjet","8":"product_tag-plakit","10":"first","11":"instock","12":"shipping-taxable","13":"product-type-simple"},"jetpack_sharing_enabled":true,"_links":{"self":[{"href":"https:\/\/www.4pluspublications.com\/en\/wp-json\/wp\/v2\/product\/2089","targetHints":{"allow":["GET"]}}],"collection":[{"href":"https:\/\/www.4pluspublications.com\/en\/wp-json\/wp\/v2\/product"}],"about":[{"href":"https:\/\/www.4pluspublications.com\/en\/wp-json\/wp\/v2\/types\/product"}],"wp:featuredmedia":[{"embeddable":true,"href":"https:\/\/www.4pluspublications.com\/en\/wp-json\/wp\/v2\/media\/2064"}],"wp:attachment":[{"href":"https:\/\/www.4pluspublications.com\/en\/wp-json\/wp\/v2\/media?parent=2089"}],"wp:term":[{"taxonomy":"product_brand","embeddable":true,"href":"https:\/\/www.4pluspublications.com\/en\/wp-json\/wp\/v2\/product_brand?post=2089"},{"taxonomy":"product_cat","embeddable":true,"href":"https:\/\/www.4pluspublications.com\/en\/wp-json\/wp\/v2\/product_cat?post=2089"},{"taxonomy":"product_tag","embeddable":true,"href":"https:\/\/www.4pluspublications.com\/en\/wp-json\/wp\/v2\/product_tag?post=2089"}],"curies":[{"name":"wp","href":"https:\/\/api.w.org\/{rel}","templated":true}]}}