{"id":1749,"date":"2021-06-18T14:23:51","date_gmt":"2021-06-18T12:23:51","guid":{"rendered":"https:\/\/www.4pluspublications.com\/en\/?post_type=product&#038;p=1749"},"modified":"2024-04-02T11:25:19","modified_gmt":"2024-04-02T09:25:19","slug":"4016-westland-wyvern","status":"publish","type":"product","link":"https:\/\/www.4pluspublications.com\/en\/produkt\/4016-westland-wyvern\/","title":{"rendered":"[4+016] Westland Wyvern"},"content":{"rendered":"<p>The Wyvern was a British naval single-seat fighter, fighter and torpedo aircraft with a turboprop engine developed by Westland Aircraft Ltd. in the immediate post-war period. After initial problems with the development and installation of the powerplant (a total of three engine types were tried, which were not otherwise used on any other aircraft), the Wyvern entered regular service in the early 1950s. A squadron of aircraft armed with this type took part in the British-French intervention during the Suez Crisis in November 1956. The Wyvern symbolizes the transition period between piston-engined and jet-engined aircraft.<\/p>\n","protected":false},"excerpt":{"rendered":"<p><span style=\"color: #0000ff;\"><strong>PUBLISHED IN 2003<\/strong><\/span><\/p>\n<p>The book is soft bound, with a saddle stitched spine binding; actual size 11\u00bein x 8\u00bcin (297 x 210 mm); it has 36 pages (4 pages in colour, large-format sheet of original 1\/72 line drawings), 86 b&#038;w\u00a0 and 32 colour photos and 3 pages of monochrome camouflage profiles (9 machines depicted). The book describes the type history and technical aspects of the aeroplane, completed with a production overview. Camouflage and armament &#038; equipment descriptions, detailed 1\/72 scale plans (on the fold-out sheet), exterior and interior drawings, various sketches and a pull-out poster are also included.<\/p>\n<ul>\n<li>Authors: Michal Ov\u010d\u00e1\u010d\u00edk and Karel Susa<\/li>\n<li>ISBN: 80-902559-9-X<\/li>\n<\/ul>\n<p>&nbsp;<\/p>\n<p><span style=\"color: #ff6600;\"><strong>Curious about related product(s) \u2013 our model(s)?<\/strong><\/span><\/p>\n<p><img loading=\"lazy\" decoding=\"async\" class=\"alignnone size-full wp-image-4712\" src=\"http:\/\/www.4pluspublications.com\/wp-content\/uploads\/2023\/11\/smiley-thinking-curious_r.jpg\" alt=\"\" width=\"77\" height=\"95\" \/><\/p>\n<p>[<span style=\"color: #0000ff;\"><a style=\"color: #0000ff;\" href=\"https:\/\/www.4pluspublications.com\/en\/produkt\/cmr72-140-westland-wyvern-tf-1\/\" rel=\"noopener\">CMR72-140<\/a><\/span>] Westland Wyvern TF.1<\/p>\n<p>&nbsp;<\/p>\n","protected":false},"featured_media":1726,"template":"","meta":[],"product_brand":[],"product_cat":[46],"product_tag":[54],"class_list":{"0":"post-1749","1":"product","2":"type-product","3":"status-publish","4":"has-post-thumbnail","6":"product_cat-4pluspub","7":"product_tag-pub","9":"first","10":"instock","11":"shipping-taxable","12":"product-type-simple"},"jetpack_sharing_enabled":true,"_links":{"self":[{"href":"https:\/\/www.4pluspublications.com\/en\/wp-json\/wp\/v2\/product\/1749","targetHints":{"allow":["GET"]}}],"collection":[{"href":"https:\/\/www.4pluspublications.com\/en\/wp-json\/wp\/v2\/product"}],"about":[{"href":"https:\/\/www.4pluspublications.com\/en\/wp-json\/wp\/v2\/types\/product"}],"wp:featuredmedia":[{"embeddable":true,"href":"https:\/\/www.4pluspublications.com\/en\/wp-json\/wp\/v2\/media\/1726"}],"wp:attachment":[{"href":"https:\/\/www.4pluspublications.com\/en\/wp-json\/wp\/v2\/media?parent=1749"}],"wp:term":[{"taxonomy":"product_brand","embeddable":true,"href":"https:\/\/www.4pluspublications.com\/en\/wp-json\/wp\/v2\/product_brand?post=1749"},{"taxonomy":"product_cat","embeddable":true,"href":"https:\/\/www.4pluspublications.com\/en\/wp-json\/wp\/v2\/product_cat?post=1749"},{"taxonomy":"product_tag","embeddable":true,"href":"https:\/\/www.4pluspublications.com\/en\/wp-json\/wp\/v2\/product_tag?post=1749"}],"curies":[{"name":"wp","href":"https:\/\/api.w.org\/{rel}","templated":true}]}}