{"id":1722,"date":"2021-06-15T23:21:43","date_gmt":"2021-06-15T21:21:43","guid":{"rendered":"https:\/\/www.4pluspublications.com\/en\/?post_type=product&#038;p=1722"},"modified":"2025-03-27T11:25:48","modified_gmt":"2025-03-27T10:25:48","slug":"mkm144014-aero-l-39v-albatros-letov-kt-04-drone","status":"publish","type":"product","link":"https:\/\/www.4pluspublications.com\/en\/produkt\/mkm144014-aero-l-39v-albatros-letov-kt-04-drone\/","title":{"rendered":"[MKM144014] Aero L-39V Albatros &#8216;Target-Tug&#8217; + Letov KT-04 drone"},"content":{"rendered":"<p class=\"western\">The L-39 Albatros, a high-performance second-generation jet trainer, was developed by the Aero Vodochody aircraft company in Czechoslovakia during the 1960s. It is a two-seat, all-metal monoplane powered by an Ivchenko AI-25 turbofan engine. Becoming the most widely used jet trainer, until today about 2,800 L-39s have served with more than thirty air forces around the world.<br \/>\nThe L-39V was a dedicated target tug version for dragging a Letov KT-04 aerial drone introduced to air forces of Czechoslovakia and the former East Germany. Until 2002 this drone was also utilised by Slovak Air Force.<\/p>\n<p>&nbsp;<\/p>\n<p class=\"western\"><strong><span style=\"color: #0000ff;\">Colour schemes included in the kit:<\/span><\/strong><\/p>\n<p class=\"western\">1) Aero L-39V Albatros, Black 0735, KT-04 drone, Black 12-10, 2nd Training Regiment, VVL\u0160 SNP Military Air Training Establishment, Czechoslovak Air Force (vojensk\u00e9 letectvo \u010cSLA), Ko\u0161ice Air Base, 1980s<br \/>\n2) Aero L-39V Albatros, White 0745, KT-04 drone, Black 05-20, Slovak Air Force (Vzdu\u0161n\u00e9 sily ozbrojen\u00fdch s\u00edl Slovenskej republiky), Poprad Airport, September 2002<br \/>\n3) Aero L-39V Albatros, Black 170, KT-04 drone, Black 09-06, ZDK-33 unit (Zieldarstellungskette), East German Air Force (LSK\/LV DDR \u2013 Luftstreitkr\u00e4fte und Luftverteidigung der DDR), Peenem\u00fcnde Air Base, spring 1990<br \/>\n4) Aero L-39V Albatros, Black 28 49, Luftwaffe, Rothenburg\/G\u00f6rlitz Airport, July 1991<\/p>\n<p>&nbsp;<\/p>\n<p><span style=\"color: #008000;\"><strong>Assembly instructions:<\/strong><\/span><\/p>\n<p><img loading=\"lazy\" decoding=\"async\" class=\"alignnone wp-image-710\" src=\"http:\/\/www.4pluspublications.com\/wp-content\/uploads\/2021\/05\/pdf-download.jpg\" alt=\"\" width=\"60\" height=\"58\" \/><\/p>\n<p><a href=\"http:\/\/www.4pluspublications.com\/wp-content\/uploads\/2022\/01\/MKM144014-L-39V-KT-04_instr-web.pdf\" target=\"_blank\" rel=\"noopener\">MKM144014 L-39V + KT-04_instr web<\/a><\/p>\n","protected":false},"excerpt":{"rendered":"<p><strong><span style=\"color: #0000ff;\">RELEASED 3\/2014<\/span><\/strong><\/p>\n<p><span style=\"color: #ff0000;\"><strong>SOLD OUT<\/strong><\/span><\/p>\n<p class=\"western\">This injection-moulded kit contains 35 parts, one clear part (the cockpit canopy), 5 resin parts and a special modelling tread representing the turget-tug cable. A comprehensive decal sheet is included.<\/p>\n<p>&nbsp;<\/p>\n<p>&nbsp;<\/p>\n","protected":false},"featured_media":1539,"template":"","meta":[],"product_brand":[],"product_cat":[39],"product_tag":[72,27],"class_list":{"0":"post-1722","1":"product","2":"type-product","3":"status-publish","4":"has-post-thumbnail","6":"product_cat-144kitjet","7":"product_tag-plakitjet","8":"product_tag-plakit","10":"first","11":"outofstock","12":"shipping-taxable","13":"product-type-simple"},"jetpack_sharing_enabled":true,"_links":{"self":[{"href":"https:\/\/www.4pluspublications.com\/en\/wp-json\/wp\/v2\/product\/1722","targetHints":{"allow":["GET"]}}],"collection":[{"href":"https:\/\/www.4pluspublications.com\/en\/wp-json\/wp\/v2\/product"}],"about":[{"href":"https:\/\/www.4pluspublications.com\/en\/wp-json\/wp\/v2\/types\/product"}],"wp:featuredmedia":[{"embeddable":true,"href":"https:\/\/www.4pluspublications.com\/en\/wp-json\/wp\/v2\/media\/1539"}],"wp:attachment":[{"href":"https:\/\/www.4pluspublications.com\/en\/wp-json\/wp\/v2\/media?parent=1722"}],"wp:term":[{"taxonomy":"product_brand","embeddable":true,"href":"https:\/\/www.4pluspublications.com\/en\/wp-json\/wp\/v2\/product_brand?post=1722"},{"taxonomy":"product_cat","embeddable":true,"href":"https:\/\/www.4pluspublications.com\/en\/wp-json\/wp\/v2\/product_cat?post=1722"},{"taxonomy":"product_tag","embeddable":true,"href":"https:\/\/www.4pluspublications.com\/en\/wp-json\/wp\/v2\/product_tag?post=1722"}],"curies":[{"name":"wp","href":"https:\/\/api.w.org\/{rel}","templated":true}]}}