{"id":1584,"date":"2021-06-07T23:47:42","date_gmt":"2021-06-07T21:47:42","guid":{"rendered":"https:\/\/www.4pluspublications.com\/en\/?post_type=product&#038;p=1584"},"modified":"2022-08-22T11:57:45","modified_gmt":"2022-08-22T09:57:45","slug":"model-mig-19pm","status":"publish","type":"product","link":"https:\/\/www.4pluspublications.com\/en\/produkt\/model-mig-19pm\/","title":{"rendered":"Model: MiG-19PM"},"content":{"rendered":"<ul>\n<li>MiG-19PM Farmer D, 1043, 5th Fighter Regiment of the Frontal Aviation (5. slp frontov\u00e9ho letectva), Czechoslovak Air Force (vojensk\u00e9 letectvo \u010cSLA), L\u00edn\u011b Air Base, early 1970s<\/li>\n<li>MiG-19PM Farmer D, 904, No.28 Fighter Regiment of the Air Defence Force (28. PLM OPK), Polish Air Force (Polskie Lotnictwo Wojskowe), S\u0142upsk-R\u0119dzikowo Air Base, 1964<\/li>\n<\/ul>\n","protected":false},"excerpt":{"rendered":"<p>These images show the model(s) built from the following MARK I Model kit(s):<\/p>\n<p>[<a href=\"https:\/\/www.4pluspublications.com\/en\/produkt\/mkm144005-mig-19pm-farmer-d-soviet-supersonic-fighter\/\">MKM144005<\/a>] MiG-19PM Farmer D \u2018Soviet Supersonic Fighter\u2019<\/p>\n<p>&nbsp;<\/p>\n<p><span style=\"color: #ff00ff\"><strong>Have you checked our reference material?<\/strong><\/span><\/p>\n<p><img loading=\"lazy\" decoding=\"async\" class=\"alignnone wp-image-1188\" src=\"http:\/\/www.4pluspublications.com\/wp-content\/uploads\/2021\/06\/smiley-reading.png\" alt=\"\" width=\"75\" height=\"72\" \/><\/p>\n<p>[<a href=\"https:\/\/www.4pluspublications.com\/en\/produkt\/4021-mig-19p-19pm-farmer-b-d-all-weather-interceptor-variants\/\">4+021<\/a>] MiG-19P &#038; 19PM Farmer B &#038; D All-weather Interceptor variants<\/p>\n<p>&nbsp;<\/p>\n","protected":false},"featured_media":1556,"template":"","meta":[],"product_brand":[],"product_cat":[78],"product_tag":[81],"class_list":{"0":"post-1584","1":"product","2":"type-product","3":"status-publish","4":"has-post-thumbnail","6":"product_cat-modgal","7":"product_tag-phot","9":"first","10":"instock","11":"shipping-taxable","12":"product-type-simple"},"jetpack_sharing_enabled":true,"_links":{"self":[{"href":"https:\/\/www.4pluspublications.com\/en\/wp-json\/wp\/v2\/product\/1584","targetHints":{"allow":["GET"]}}],"collection":[{"href":"https:\/\/www.4pluspublications.com\/en\/wp-json\/wp\/v2\/product"}],"about":[{"href":"https:\/\/www.4pluspublications.com\/en\/wp-json\/wp\/v2\/types\/product"}],"wp:featuredmedia":[{"embeddable":true,"href":"https:\/\/www.4pluspublications.com\/en\/wp-json\/wp\/v2\/media\/1556"}],"wp:attachment":[{"href":"https:\/\/www.4pluspublications.com\/en\/wp-json\/wp\/v2\/media?parent=1584"}],"wp:term":[{"taxonomy":"product_brand","embeddable":true,"href":"https:\/\/www.4pluspublications.com\/en\/wp-json\/wp\/v2\/product_brand?post=1584"},{"taxonomy":"product_cat","embeddable":true,"href":"https:\/\/www.4pluspublications.com\/en\/wp-json\/wp\/v2\/product_cat?post=1584"},{"taxonomy":"product_tag","embeddable":true,"href":"https:\/\/www.4pluspublications.com\/en\/wp-json\/wp\/v2\/product_tag?post=1584"}],"curies":[{"name":"wp","href":"https:\/\/api.w.org\/{rel}","templated":true}]}}