{"id":1497,"date":"2021-06-06T18:09:35","date_gmt":"2021-06-06T16:09:35","guid":{"rendered":"https:\/\/www.4pluspublications.com\/en\/?post_type=product&#038;p=1497"},"modified":"2023-11-22T09:53:30","modified_gmt":"2023-11-22T08:53:30","slug":"mkm144032-aero-l-29a-akrobat-and-special-schemes","status":"publish","type":"product","link":"https:\/\/www.4pluspublications.com\/en\/produkt\/mkm144032-aero-l-29a-akrobat-and-special-schemes\/","title":{"rendered":"[MKM144032] Aero L-29A \u2018Akrobat and Special schemes\u2019"},"content":{"rendered":"<p class=\"western\">The L-29 Delfin (NATO code Maya) was a basic, intermediate and weapons training jet aircraft developed by the Aero Vodochody company in Czechoslovakia early in the 1960s. It was a two-seat, all-metal monoplane powered by a Motorlet M-701 turbojet engine.<\/p>\n<p class=\"western\">The sturdy L-29 became the standard military training type of the Eastern Bloc air forces (except Poland) and it was also exported to the Middle East, Asia and Africa. More than 3,600 Delfin trainers had been built by 1974, testifying to the type\u2019s timeless design.<\/p>\n<p class=\"western\">In 1967, a dedicated single seat aerobatic version was developed as the L-29A Akrobat, wearing special livery, while some other military two-seaters also wore highly conspicuous\u00a0but interesting anti-camouflage schemes.<\/p>\n<p>&nbsp;<\/p>\n<p class=\"western\"><strong><span style=\"color: #0000ff;\">Colour schemes included in the kit:<\/span><\/strong><\/p>\n<p class=\"western\">1) Aero L-29A Akrobat, Black 0517\/OK-SZA, Czechoslovak Air Force (vojensk\u00e9 letectvo \u010cSLA), Aero Vodochody airfield\/VZL\u00da Praha &#8211; Let\u0148any airfield, 1967-68<\/p>\n<p class=\"western\">2) Aero L-29 Delfin, Black 3250, \u2018Gen. M.R. \u0160tef\u00e1nik\u2019 Air Force Academy, International Fighter Pilots Academy, Slovak Air Force (letectvo Arm\u00e1dy SR), Ko\u0161ice Air Base, mid-1990s<\/p>\n<p class=\"western\">3) Aero L-29 Delfin, Black 2853, 1st Sq. 11th Fighter Regiment (1. letka 11. slp), Czech Air Force (letectvo Arm\u00e1dy \u010cR), \u017datec Air Base, summer 1993<\/p>\n<p class=\"western\">4) Aero L-29 Delfin, Black 1617, Air Force Academy, Egyptian Air Force, Bilbeis Air Base, late 1980s<\/p>\n<p>&nbsp;<\/p>\n<p><span style=\"color: #008000;\"><strong>Assembly instructions:<\/strong><\/span><\/p>\n<p><img loading=\"lazy\" decoding=\"async\" class=\"alignnone wp-image-710\" src=\"http:\/\/www.4pluspublications.com\/wp-content\/uploads\/2021\/05\/pdf-download.jpg\" alt=\"\" width=\"60\" height=\"58\" \/><\/p>\n<p><a href=\"http:\/\/www.4pluspublications.com\/wp-content\/uploads\/2022\/01\/MKM144032-L-29A-and-Special-Schemes_instr-web.pdf\" target=\"_blank\" rel=\"noopener\">MKM144032 L-29A and Special Schemes_instr web<\/a><\/p>\n","protected":false},"excerpt":{"rendered":"<p><strong><span style=\"color: #0000ff;\">RELEASED 9\/2014<\/span><\/strong><\/p>\n<p><strong><span style=\"color: #ff0000;\">SOLD OUT<\/span><\/strong><\/p>\n<p>This injection-moulded kit (one model is included) contains 29 parts and one clear part (the cockpit canopy). A comprehensive decal sheet is included.<\/p>\n<p>&nbsp;<\/p>\n<p><span style=\"color: #ff6600;\"><strong>Curious about related product(s)?<\/strong><\/span><\/p>\n<p><img loading=\"lazy\" decoding=\"async\" class=\"alignnone size-full wp-image-4712\" src=\"http:\/\/www.4pluspublications.com\/wp-content\/uploads\/2023\/11\/smiley-thinking-curious_r.jpg\" alt=\"\" width=\"77\" height=\"95\" \/><\/p>\n<p>[MKA14412] L-29 Delfin Detailing Set (p\/e parts + 2x resin Pitot tubes)<\/p>\n<p>[MKA14413] L-29 Delfin Canopy Set (vacu canopy + mask)<\/p>\n<p>[MKA14414] L-29 Delfin Weapon Set (resin parts)<\/p>\n<p>&nbsp;<\/p>\n<p><span style=\"color: #800080;\"><strong>Have you checked our reference material &#8211; Dozen Set publication?<\/strong> <\/span><\/p>\n<p><img loading=\"lazy\" decoding=\"async\" class=\"alignnone wp-image-1188\" src=\"http:\/\/www.4pluspublications.com\/wp-content\/uploads\/2021\/06\/smiley-reading.png\" alt=\"\" width=\"75\" height=\"72\" \/><\/p>\n<p>[<a href=\"https:\/\/www.4pluspublications.com\/en\/kategorie-produktu\/pub\/doz\/144doz\/\">MKD144007<\/a>] L-29 Delfin C&#038;M + 1\/144 decals<\/p>\n<p>&nbsp;<\/p>\n","protected":false},"featured_media":1456,"template":"","meta":[],"product_brand":[],"product_cat":[39],"product_tag":[72,27],"class_list":{"0":"post-1497","1":"product","2":"type-product","3":"status-publish","4":"has-post-thumbnail","6":"product_cat-144kitjet","7":"product_tag-plakitjet","8":"product_tag-plakit","10":"first","11":"outofstock","12":"shipping-taxable","13":"product-type-simple"},"jetpack_sharing_enabled":true,"_links":{"self":[{"href":"https:\/\/www.4pluspublications.com\/en\/wp-json\/wp\/v2\/product\/1497","targetHints":{"allow":["GET"]}}],"collection":[{"href":"https:\/\/www.4pluspublications.com\/en\/wp-json\/wp\/v2\/product"}],"about":[{"href":"https:\/\/www.4pluspublications.com\/en\/wp-json\/wp\/v2\/types\/product"}],"wp:featuredmedia":[{"embeddable":true,"href":"https:\/\/www.4pluspublications.com\/en\/wp-json\/wp\/v2\/media\/1456"}],"wp:attachment":[{"href":"https:\/\/www.4pluspublications.com\/en\/wp-json\/wp\/v2\/media?parent=1497"}],"wp:term":[{"taxonomy":"product_brand","embeddable":true,"href":"https:\/\/www.4pluspublications.com\/en\/wp-json\/wp\/v2\/product_brand?post=1497"},{"taxonomy":"product_cat","embeddable":true,"href":"https:\/\/www.4pluspublications.com\/en\/wp-json\/wp\/v2\/product_cat?post=1497"},{"taxonomy":"product_tag","embeddable":true,"href":"https:\/\/www.4pluspublications.com\/en\/wp-json\/wp\/v2\/product_tag?post=1497"}],"curies":[{"name":"wp","href":"https:\/\/api.w.org\/{rel}","templated":true}]}}