{"id":1470,"date":"2021-06-06T13:31:59","date_gmt":"2021-06-06T11:31:59","guid":{"rendered":"https:\/\/www.4pluspublications.com\/en\/?post_type=product&#038;p=1470"},"modified":"2023-11-22T09:43:47","modified_gmt":"2023-11-22T08:43:47","slug":"mkm144029-aero-l-29-delfin-warpac-trainer","status":"publish","type":"product","link":"https:\/\/www.4pluspublications.com\/en\/produkt\/mkm144029-aero-l-29-delfin-warpac-trainer\/","title":{"rendered":"[MKM144029] Aero L-29 Delfin \u2018WarPac Trainer\u2019"},"content":{"rendered":"<p>The elegant L-29 Delfin (NATO code Maya) was a basic, intermediate and weapons training jet aircraft developed by the Aero Vodochody company in Czechoslovakia early in the 1960s. It was a two-seat, all-metal monoplane powered by a Motorlet M-701 turbojet engine.<\/p>\n<p>The sturdy L-29 became the standard military training type of the Eastern Bloc air forces (except Poland) and it was also exported to the Middle East, Asian and African countries. With more than 3,600 Delfins built, Czechoslovakia became one of the biggest jet trainer aircraft producers at the time, testifying to the type\u2019s timeless design. Except their basic training role the Delfins took part in a number of local wars and combats, while many of the ex-air force service aeroplanes found their new homes with private warbird owners.<\/p>\n<p>&nbsp;<\/p>\n<p><strong><span style=\"color: #0000ff;\">Colour schemes included in the kit:<\/span><\/strong><\/p>\n<p>1) Aero L-29 Delfin, Black 3302, 1st Fighter Regiment, Czechoslovak Air Force (vojensk\u00e9 letectvo \u010cSLA), \u010cesk\u00e9 Bud\u011bjovice Air Base, test flown at Malacky Air Base, May 1971<\/p>\n<p>2) Aero L-29 Delfin, Red 81, Barnaul VVAUL Air Force Pilot Training Establishment, 59th Training Regiment, VVS USSR (Soviet Air Force), Slavgorod Air Base, early 1980s<\/p>\n<p>3) Aero L-29 Delfin, Red 378, 101th Fighter Reconnaissance Regiment, Hungarian Air Force (Magyar Honvedseg Rep\u00fcl\u00f6 Csapatai), Szolnok Air Base, the 1970s<\/p>\n<p>4) Aero L-29 Delfin, Black 338, Fighter Pilot Training Regiment of the \u2018Franz Mehring\u2019 Officer School, East German Air Force (LSK\/LV DDR \u2013 Luftstreitkr\u00e4fte und Luftverteidigung der DDR), Bautzen Air Base, Brandenburg, 1987<\/p>\n<p>&nbsp;<\/p>\n<p><span style=\"color: #008000;\"><strong>Assembly instructions:<\/strong><\/span><\/p>\n<p><img loading=\"lazy\" decoding=\"async\" class=\"alignnone wp-image-710\" src=\"http:\/\/www.4pluspublications.com\/wp-content\/uploads\/2021\/05\/pdf-download.jpg\" alt=\"\" width=\"60\" height=\"58\" \/><\/p>\n<p><a href=\"http:\/\/www.4pluspublications.com\/wp-content\/uploads\/2022\/01\/MKM144029-L-29-Warsaw-Pact_instr-web.pdf\" target=\"_blank\" rel=\"noopener\">MKM144029 L-29 Warsaw Pact_instr web<\/a><\/p>\n","protected":false},"excerpt":{"rendered":"<p><strong><span style=\"color: #0000ff;\">RELEASED 9\/2014<\/span><\/strong><\/p>\n<p><strong><span style=\"color: #ff0000;\">SOLD OUT<\/span><\/strong><\/p>\n<p class=\"western\">Two injection-moulded kits are supplied in this box and each kit contains 31 parts and one clear part (the cockpit canopy). A comprehensive decal sheet is included.<\/p>\n<p>&nbsp;<\/p>\n<p><span style=\"color: #ff6600;\"><strong>Curious about related product(s)?<\/strong><\/span><\/p>\n<p><img loading=\"lazy\" decoding=\"async\" class=\"alignnone size-full wp-image-4712\" src=\"http:\/\/www.4pluspublications.com\/wp-content\/uploads\/2023\/11\/smiley-thinking-curious_r.jpg\" alt=\"\" width=\"77\" height=\"95\" \/><\/p>\n<p>[MKA14412] L-29 Delfin Detailing Set (p\/e parts + 2x resin Pitot tubes)<\/p>\n<p>[MKA14413] L-29 Delfin Canopy Set (vacu canopy + mask)<\/p>\n<p>[MKA14414] L-29 Delfin Weapon Set (resin parts)<\/p>\n<p>&nbsp;<\/p>\n<p><span style=\"color: #800080;\"><strong>Have you checked our reference material &#8211; Dozen Set publication?<\/strong> <\/span><\/p>\n<p><img loading=\"lazy\" decoding=\"async\" class=\"alignnone wp-image-1188\" src=\"http:\/\/www.4pluspublications.com\/wp-content\/uploads\/2021\/06\/smiley-reading.png\" alt=\"\" width=\"75\" height=\"72\" \/><\/p>\n<p>[<a href=\"https:\/\/www.4pluspublications.com\/en\/kategorie-produktu\/pub\/doz\/144doz\/\">MKD144007<\/a>] L-29 Delfin C&#038;M + 1\/144 decals<\/p>\n<p>&nbsp;<\/p>\n","protected":false},"featured_media":1443,"template":"","meta":[],"product_brand":[],"product_cat":[39],"product_tag":[72,27],"class_list":{"0":"post-1470","1":"product","2":"type-product","3":"status-publish","4":"has-post-thumbnail","6":"product_cat-144kitjet","7":"product_tag-plakitjet","8":"product_tag-plakit","10":"first","11":"outofstock","12":"shipping-taxable","13":"product-type-simple"},"jetpack_sharing_enabled":true,"_links":{"self":[{"href":"https:\/\/www.4pluspublications.com\/en\/wp-json\/wp\/v2\/product\/1470","targetHints":{"allow":["GET"]}}],"collection":[{"href":"https:\/\/www.4pluspublications.com\/en\/wp-json\/wp\/v2\/product"}],"about":[{"href":"https:\/\/www.4pluspublications.com\/en\/wp-json\/wp\/v2\/types\/product"}],"wp:featuredmedia":[{"embeddable":true,"href":"https:\/\/www.4pluspublications.com\/en\/wp-json\/wp\/v2\/media\/1443"}],"wp:attachment":[{"href":"https:\/\/www.4pluspublications.com\/en\/wp-json\/wp\/v2\/media?parent=1470"}],"wp:term":[{"taxonomy":"product_brand","embeddable":true,"href":"https:\/\/www.4pluspublications.com\/en\/wp-json\/wp\/v2\/product_brand?post=1470"},{"taxonomy":"product_cat","embeddable":true,"href":"https:\/\/www.4pluspublications.com\/en\/wp-json\/wp\/v2\/product_cat?post=1470"},{"taxonomy":"product_tag","embeddable":true,"href":"https:\/\/www.4pluspublications.com\/en\/wp-json\/wp\/v2\/product_tag?post=1470"}],"curies":[{"name":"wp","href":"https:\/\/api.w.org\/{rel}","templated":true}]}}