{"id":1469,"date":"2021-06-06T13:13:59","date_gmt":"2021-06-06T11:13:59","guid":{"rendered":"https:\/\/www.4pluspublications.com\/en\/?post_type=product&#038;p=1469"},"modified":"2023-12-17T17:01:35","modified_gmt":"2023-12-17T16:01:35","slug":"mkd144007-aero-l-29-delfin-cm-1-144-decals","status":"publish","type":"product","link":"https:\/\/www.4pluspublications.com\/en\/produkt\/mkd144007-aero-l-29-delfin-cm-1-144-decals\/","title":{"rendered":"[MKD144007] Aero L-29 Delfin C&#038;M + 1\/144 decals"},"content":{"rendered":"<p>During the last four decades of the twentieth century, the elegant Aero L-29 was the most widely used jet trainer of the Eastern Bloc air forces, with the exception of Poland, and also of a number of developing countries. In addition to its primary and advanced pilot training roles, the aeroplane was used for bombing and rocket attack training and it was also modified for reconnaissance duties. With more than 3,600 Delfins built, Czechoslovakia became one of the biggest jet trainer aircraft producers at the time, testifying to the type&#8217;s timeless design.<\/p>\n","protected":false},"excerpt":{"rendered":"<p><strong><span style=\"color: #0000ff;\">PUBLISHED IN 2011<\/span><\/strong><\/p>\n<p>The publication has 28 pages; it includes a total of 49 overall and detailed photographs, 12 pages of colour camouflage schemes and their description. Text in English. A comprehensive decal sheet is added for modellers&#8217; convenience. The following aircraft are depicted on the decal sheet: Czechoslovak Air Force (2x), Czech Air Force (2x), Slovak Air Force (1x), Soviet Air Force (1x), East German Air Force (1x), Bulgarian Air Force (1x), Indonesian Air Force (1x), Egyptian Air Force (1x), Iraqi Air Force (1x) and Georgian Air Force (1x).<\/p>\n<ul>\n<li>Authors: Michal Ov\u010d\u00e1\u010d\u00edk and Karel Susa<\/li>\n<li>ISBN: 978-80-86637-38-9<\/li>\n<\/ul>\n<p>&nbsp;<\/p>\n<p><span style=\"color: #ff6600;\"><strong>Curious about related product \u2013 plastic model(s)?<\/strong><\/span><\/p>\n<p><img loading=\"lazy\" decoding=\"async\" class=\"alignnone size-full wp-image-4712\" src=\"http:\/\/www.4pluspublications.com\/wp-content\/uploads\/2023\/11\/smiley-thinking-curious_r.jpg\" alt=\"\" width=\"77\" height=\"95\" \/><\/p>\n<p><span style=\"color: #0000ff;\">[<a style=\"color: #0000ff;\" href=\"https:\/\/www.4pluspublications.com\/en\/produkt\/mkm144029-aero-l-29-delfin-warpac-trainer\/\">MKM144029<\/a>]<\/span> Aero L-29 Delfin \u2018WarPac Trainer\u2019<\/p>\n<p><span style=\"color: #0000ff;\">[<a style=\"color: #0000ff;\" href=\"https:\/\/www.4pluspublications.com\/en\/produkt\/mkm144030-aero-l-29-delfin-foreign-users\/\">MKM144030<\/a>]<\/span> Aero L-29 Delfin \u2018Foreign Users\u2019<\/p>\n<p><span style=\"color: #0000ff;\">[<a style=\"color: #0000ff;\" href=\"https:\/\/www.4pluspublications.com\/en\/produkt\/mkm144031-aero-l-29r-rs-oko-recce-delfin\/\">MKM144031<\/a>]<\/span> Aero L-29R\/RS Oko \u2018Recce Delfin\u2019<\/p>\n<p><span style=\"color: #0000ff;\">[<a style=\"color: #0000ff;\" href=\"https:\/\/www.4pluspublications.com\/en\/produkt\/mkm144032-aero-l-29a-akrobat-and-special-schemes\/\">MKM144032<\/a>]<\/span> Aero L-29A \u2018Akrobat and Special schemes\u2019<\/p>\n<p>&nbsp;<\/p>\n","protected":false},"featured_media":1525,"template":"","meta":[],"product_brand":[],"product_cat":[49],"product_tag":[88,55],"class_list":{"0":"post-1469","1":"product","2":"type-product","3":"status-publish","4":"has-post-thumbnail","6":"product_cat-144doz","7":"product_tag-pubdec144","8":"product_tag-pubdec","10":"first","11":"instock","12":"shipping-taxable","13":"product-type-simple"},"jetpack_sharing_enabled":true,"_links":{"self":[{"href":"https:\/\/www.4pluspublications.com\/en\/wp-json\/wp\/v2\/product\/1469","targetHints":{"allow":["GET"]}}],"collection":[{"href":"https:\/\/www.4pluspublications.com\/en\/wp-json\/wp\/v2\/product"}],"about":[{"href":"https:\/\/www.4pluspublications.com\/en\/wp-json\/wp\/v2\/types\/product"}],"wp:featuredmedia":[{"embeddable":true,"href":"https:\/\/www.4pluspublications.com\/en\/wp-json\/wp\/v2\/media\/1525"}],"wp:attachment":[{"href":"https:\/\/www.4pluspublications.com\/en\/wp-json\/wp\/v2\/media?parent=1469"}],"wp:term":[{"taxonomy":"product_brand","embeddable":true,"href":"https:\/\/www.4pluspublications.com\/en\/wp-json\/wp\/v2\/product_brand?post=1469"},{"taxonomy":"product_cat","embeddable":true,"href":"https:\/\/www.4pluspublications.com\/en\/wp-json\/wp\/v2\/product_cat?post=1469"},{"taxonomy":"product_tag","embeddable":true,"href":"https:\/\/www.4pluspublications.com\/en\/wp-json\/wp\/v2\/product_tag?post=1469"}],"curies":[{"name":"wp","href":"https:\/\/api.w.org\/{rel}","templated":true}]}}