{"id":1304,"date":"2021-06-04T09:36:05","date_gmt":"2021-06-04T07:36:05","guid":{"rendered":"https:\/\/www.4pluspublications.com\/en\/?post_type=product&#038;p=1304"},"modified":"2025-03-27T11:30:37","modified_gmt":"2025-03-27T10:30:37","slug":"mkm144041-aero-l-39ms-l-59-super-albatros","status":"publish","type":"product","link":"https:\/\/www.4pluspublications.com\/en\/produkt\/mkm144041-aero-l-39ms-l-59-super-albatros\/","title":{"rendered":"[MKM144041] Aero L-39MS\/L-59 \u2018Super Albatros\u2019"},"content":{"rendered":"<p class=\"western\">The L-39 Albatros, a high-performance second-generation jet trainer, was developed by the Aero Vodochody aircraft company in Czechoslovakia during the 1960s. Becoming the most widely used jet trainer, until today about 2,800 L-39s and its variants have served with more than thirty air forces around the world. A modernisation programme of the L-39 was started in the early 1980s, resulting in the L-39MS (export designation L-59), featuring a strengthened fuselage with a longer nose, an updated cockpit with advanced avionics and a more powerful engine. The L-39MS prototype flew in September 1986.<br \/>\nIt is a two-seat, all-metal monoplane powered by a Lotarev DV-2 turbofan engine. Except its original role as a trainer it can also be used as a light attack aircraft, fitted with a GSh-23 cannon pod under the fuselage.<br \/>\nThe L-39MS\/L-59 production was under way in the period 1986-96 and totalled 71 aircraft, including 5 prototypes. Six machines were delivered to the Czechoslovak Air Force, while 48 aircraft were sold to Egypt (during 1993-94) and 12 to Tunisia (1995-96).<\/p>\n<p>&nbsp;<\/p>\n<p class=\"western\"><span style=\"color: #0000ff;\"><strong>Colour schemes included in the kit:<\/strong><\/span><br \/>\n1) Aero L-39MS Super Albatros, Black 0006, 1st Training Regiment, Czech Air Force (letectvo Arm\u00e1dy \u010cesk\u00e9 republiky), P\u0159erov Air Base, 1993<br \/>\n2) Aero L-39MS Super Albatros, Black 0003, 1st Training Flight, Air Force Academy, Slovak Air Force, Ko\u0161ice Air Base, 1999<br \/>\n3) Aero L-59E Super Albatros, Black 1807, 88th Squadron, Egyptian Air Force, El Minya Air Base, 1993<br \/>\n4) Aero L-59T Fennec, Black Y95063\/JG, 16th Squadron, Tunisian Air Force, Gafsa Air Base, 2008\n<\/p>\n<p><span style=\"color: #008000;\"><strong>Assembly instructions:<\/strong><\/span><\/p>\n<p><img loading=\"lazy\" decoding=\"async\" class=\"alignnone wp-image-710\" src=\"http:\/\/www.4pluspublications.com\/wp-content\/uploads\/2021\/05\/pdf-download.jpg\" alt=\"\" width=\"60\" height=\"58\" \/><\/p>\n","protected":false},"excerpt":{"rendered":"<p><span style=\"color: #0000ff;\"><strong>RELEASED 5\/2015<\/strong><\/span><\/p>\n<p><span style=\"color: #ff0000;\"><strong>SOLD OUT<\/strong><\/span><\/p>\n<p class=\"western\">This injection-moulded kit contains 31 parts, 8 resin parts and one clear vacu formed part (the cockpit canopy). A comprehensive decal sheet is included.<\/p>\n<p>&nbsp;<\/p>\n<p><span style=\"color: #ff6600;\"><strong>Curious about related product(s)?<\/strong><\/span><\/p>\n<p><img loading=\"lazy\" decoding=\"async\" class=\"alignnone wp-image-723\" src=\"http:\/\/www.4pluspublications.com\/wp-content\/uploads\/2021\/05\/smiley-klick-here-moving-190x300.gif\" alt=\"\" width=\"60\" height=\"95\" \/><\/p>\n<p>[<a href=\"https:\/\/www.4pluspublications.com\/en\/produkt\/mka14416-l-39-albatros-detailing-set\/\">MKA14416<\/a>] L-39 Albatros Detailing Set<\/p>\n<p>&nbsp;<\/p>\n","protected":false},"featured_media":1313,"template":"","meta":[],"product_brand":[],"product_cat":[39],"product_tag":[72,27],"class_list":{"0":"post-1304","1":"product","2":"type-product","3":"status-publish","4":"has-post-thumbnail","6":"product_cat-144kitjet","7":"product_tag-plakitjet","8":"product_tag-plakit","10":"first","11":"outofstock","12":"shipping-taxable","13":"product-type-simple"},"jetpack_sharing_enabled":true,"_links":{"self":[{"href":"https:\/\/www.4pluspublications.com\/en\/wp-json\/wp\/v2\/product\/1304","targetHints":{"allow":["GET"]}}],"collection":[{"href":"https:\/\/www.4pluspublications.com\/en\/wp-json\/wp\/v2\/product"}],"about":[{"href":"https:\/\/www.4pluspublications.com\/en\/wp-json\/wp\/v2\/types\/product"}],"wp:featuredmedia":[{"embeddable":true,"href":"https:\/\/www.4pluspublications.com\/en\/wp-json\/wp\/v2\/media\/1313"}],"wp:attachment":[{"href":"https:\/\/www.4pluspublications.com\/en\/wp-json\/wp\/v2\/media?parent=1304"}],"wp:term":[{"taxonomy":"product_brand","embeddable":true,"href":"https:\/\/www.4pluspublications.com\/en\/wp-json\/wp\/v2\/product_brand?post=1304"},{"taxonomy":"product_cat","embeddable":true,"href":"https:\/\/www.4pluspublications.com\/en\/wp-json\/wp\/v2\/product_cat?post=1304"},{"taxonomy":"product_tag","embeddable":true,"href":"https:\/\/www.4pluspublications.com\/en\/wp-json\/wp\/v2\/product_tag?post=1304"}],"curies":[{"name":"wp","href":"https:\/\/api.w.org\/{rel}","templated":true}]}}