{"id":1303,"date":"2021-06-04T09:33:44","date_gmt":"2021-06-04T07:33:44","guid":{"rendered":"https:\/\/www.4pluspublications.com\/en\/?post_type=product&#038;p=1303"},"modified":"2025-03-27T11:34:35","modified_gmt":"2025-03-27T10:34:35","slug":"mkm144039-aero-l-39za-albatros-l-139-albatros-2000-light-attack-aircraft","status":"publish","type":"product","link":"https:\/\/www.4pluspublications.com\/en\/produkt\/mkm144039-aero-l-39za-albatros-l-139-albatros-2000-light-attack-aircraft\/","title":{"rendered":"[MKM144039] Aero L-39ZA Albatros\/L-139 Albatros 2000 \u2018Light Attack Aircraft\u2019"},"content":{"rendered":"<p class=\"western\">The L-39 Albatros, a high-performance second-generation jet trainer, was developed by the Aero Vodochody aircraft company in Czechoslovakia during the 1960s. It is a two-seat, all-metal monoplane powered by an Ivchenko AI-25 turbofan engine. Becoming the most widely used jet trainer, until today about 2,800 L-39s have served with more than thirty air forces around the world.<br \/>\nThe L-39ZA is an upgraded variant designed for armed training and light attacks, fitted with a GSh-23 cannon pod under the fuselage. The L-139 Albatros 2000 was a revised version equipped with western avionics and powered by a American Garrett TFE731-4-1T engine; despite its ample promotion at various international air shows worldwide, only a single prototype was built.<\/p>\n<p>&nbsp;<\/p>\n<p class=\"western\"><span style=\"color: #0000ff;\"><strong>Colour schemes included in the kit:<\/strong><\/span><\/p>\n<p>1) Aero L-39ZA Albatros, Black 2341, 1st Fighter Regiment, Czech Air Force (letectvo Arm\u00e1dy \u010cesk\u00e9 republiky), \u010cesk\u00e9 Bud\u011bjovice Air Base, 1994<br \/>\n2) Aero L-139 Albatros 2000, Grey 5501, Aero Vodochody factory demonstrator, Aero Vodochody Air Base, 1994-99<br \/>\n3) Aero L-39ZA Albatros, Blue 16, Lithuanian Air Force, \u0160iauliai Air Base, 2012<br \/>\n4) Aero L-39ZA Albatros, Black NAF362\/62, 303rd Flying Training School, Nigerian Air Force, Kano Air Base, 2012<\/p>\n<p>&nbsp;<\/p>\n<p><span style=\"color: #008000;\"><strong>Assembly instructions:<\/strong><\/span><\/p>\n<p><img loading=\"lazy\" decoding=\"async\" class=\"alignnone wp-image-710\" src=\"http:\/\/www.4pluspublications.com\/wp-content\/uploads\/2021\/05\/pdf-download.jpg\" alt=\"\" width=\"60\" height=\"58\" \/><\/p>\n<p><a href=\"http:\/\/www.4pluspublications.com\/wp-content\/uploads\/2022\/01\/MKM144039-L-39ZA_L-139_instr-web.pdf\" target=\"_blank\" rel=\"noopener\">MKM144039 L-39ZA_L-139_instr web<\/a><\/p>\n","protected":false},"excerpt":{"rendered":"<p><span style=\"color: #0000ff;\"><strong>RELEASED 3\/2015<\/strong><\/span><\/p>\n<p><span style=\"color: #ff0000;\"><strong>SOLD OUT<\/strong><\/span><\/p>\n<p class=\"western\">This injection-moulded kit contains 35 parts and one clear part (the cockpit canopy). A comprehensive decal sheet is included.<\/p>\n<p>&nbsp;<\/p>\n<p><span style=\"color: #ff6600;\"><strong>Curious about related product &#8211; accessory(ies)?<\/strong><\/span><\/p>\n<p><img loading=\"lazy\" decoding=\"async\" class=\"alignnone size-full wp-image-4712\" src=\"http:\/\/www.4pluspublications.com\/wp-content\/uploads\/2023\/11\/smiley-thinking-curious_r.jpg\" alt=\"\" width=\"77\" height=\"95\" \/><\/p>\n<p><span style=\"color: #0000ff;\">[<a style=\"color: #0000ff;\" href=\"https:\/\/www.4pluspublications.com\/en\/produkt\/mka14416-l-39-albatros-detailing-set\/\">MKA14416<\/a>]<\/span> L-39 Albatros Detailing Set<\/p>\n<p><span style=\"color: #0000ff;\">[<a style=\"color: #0000ff;\" href=\"https:\/\/www.4pluspublications.com\/en\/produkt\/mka14417-l-39-albatros-canopy-set\/\">MKA14417<\/a>]<\/span> L-39 Albatros Canopy Set<\/p>\n<p>&nbsp;<\/p>\n","protected":false},"featured_media":1308,"template":"","meta":[],"product_brand":[],"product_cat":[39],"product_tag":[72,27],"class_list":{"0":"post-1303","1":"product","2":"type-product","3":"status-publish","4":"has-post-thumbnail","6":"product_cat-144kitjet","7":"product_tag-plakitjet","8":"product_tag-plakit","10":"first","11":"outofstock","12":"shipping-taxable","13":"product-type-simple"},"jetpack_sharing_enabled":true,"_links":{"self":[{"href":"https:\/\/www.4pluspublications.com\/en\/wp-json\/wp\/v2\/product\/1303","targetHints":{"allow":["GET"]}}],"collection":[{"href":"https:\/\/www.4pluspublications.com\/en\/wp-json\/wp\/v2\/product"}],"about":[{"href":"https:\/\/www.4pluspublications.com\/en\/wp-json\/wp\/v2\/types\/product"}],"wp:featuredmedia":[{"embeddable":true,"href":"https:\/\/www.4pluspublications.com\/en\/wp-json\/wp\/v2\/media\/1308"}],"wp:attachment":[{"href":"https:\/\/www.4pluspublications.com\/en\/wp-json\/wp\/v2\/media?parent=1303"}],"wp:term":[{"taxonomy":"product_brand","embeddable":true,"href":"https:\/\/www.4pluspublications.com\/en\/wp-json\/wp\/v2\/product_brand?post=1303"},{"taxonomy":"product_cat","embeddable":true,"href":"https:\/\/www.4pluspublications.com\/en\/wp-json\/wp\/v2\/product_cat?post=1303"},{"taxonomy":"product_tag","embeddable":true,"href":"https:\/\/www.4pluspublications.com\/en\/wp-json\/wp\/v2\/product_tag?post=1303"}],"curies":[{"name":"wp","href":"https:\/\/api.w.org\/{rel}","templated":true}]}}