{"id":1097,"date":"2021-06-01T14:45:42","date_gmt":"2021-06-01T12:45:42","guid":{"rendered":"https:\/\/www.4pluspublications.com\/en\/?post_type=product&#038;p=1097"},"modified":"2023-07-10T13:46:31","modified_gmt":"2023-07-10T11:46:31","slug":"model-mig-19s","status":"publish","type":"product","link":"https:\/\/www.4pluspublications.com\/en\/produkt\/model-mig-19s\/","title":{"rendered":"Model: MiG-19S"},"content":{"rendered":"<ul>\n<li>MiG-19S (S-105) Farmer C, 0103 (c\/n 950103), 1st Squadron, 9th Fighter Regiment, Czechoslovak Air Force (vojensk\u00e9 letectvo \u010cSLA), Bechyn\u011b Air Base, June 1961<\/li>\n<li>MiG-19S Farmer C, 36, VVS USSR (Soviet Air Force), East Germany, 1960<\/li>\n<\/ul>\n","protected":false},"excerpt":{"rendered":"<p>These images show the model(s) built from the following MARK I Model kit(s):<\/p>\n<p>[<a href=\"https:\/\/www.4pluspublications.com\/en\/produkt\/mkm144001-mig-19s-farmer-c-warsaw-pact\/\">MKM144001<\/a>] MiG-19S Farmer C &#8216;Warsaw Pact&#8217;<\/p>\n<p>&nbsp;<\/p>\n<p><span style=\"color: #ff00ff;\"><strong>Have you checked our reference material?<\/strong><\/span><\/p>\n<p><img loading=\"lazy\" decoding=\"async\" class=\"alignnone wp-image-1188\" src=\"http:\/\/www.4pluspublications.com\/wp-content\/uploads\/2021\/06\/smiley-reading.png\" alt=\"\" width=\"75\" height=\"72\" \/><\/p>\n<p>[<a href=\"https:\/\/www.4pluspublications.com\/en\/produkt\/4017-mig-19-19s-farmer-a-c-day-interceptor-two-seat-variants\/\">4+017<\/a>] MiG-19 &#038; 19S Farmer A &#038; C Day Interceptor &#038; Two-seat variants<\/p>\n<p>&nbsp;<\/p>\n","protected":false},"featured_media":1100,"template":"","meta":[],"product_brand":[],"product_cat":[78],"product_tag":[81],"class_list":{"0":"post-1097","1":"product","2":"type-product","3":"status-publish","4":"has-post-thumbnail","6":"product_cat-modgal","7":"product_tag-phot","9":"first","10":"instock","11":"shipping-taxable","12":"product-type-simple"},"jetpack_sharing_enabled":true,"_links":{"self":[{"href":"https:\/\/www.4pluspublications.com\/en\/wp-json\/wp\/v2\/product\/1097","targetHints":{"allow":["GET"]}}],"collection":[{"href":"https:\/\/www.4pluspublications.com\/en\/wp-json\/wp\/v2\/product"}],"about":[{"href":"https:\/\/www.4pluspublications.com\/en\/wp-json\/wp\/v2\/types\/product"}],"wp:featuredmedia":[{"embeddable":true,"href":"https:\/\/www.4pluspublications.com\/en\/wp-json\/wp\/v2\/media\/1100"}],"wp:attachment":[{"href":"https:\/\/www.4pluspublications.com\/en\/wp-json\/wp\/v2\/media?parent=1097"}],"wp:term":[{"taxonomy":"product_brand","embeddable":true,"href":"https:\/\/www.4pluspublications.com\/en\/wp-json\/wp\/v2\/product_brand?post=1097"},{"taxonomy":"product_cat","embeddable":true,"href":"https:\/\/www.4pluspublications.com\/en\/wp-json\/wp\/v2\/product_cat?post=1097"},{"taxonomy":"product_tag","embeddable":true,"href":"https:\/\/www.4pluspublications.com\/en\/wp-json\/wp\/v2\/product_tag?post=1097"}],"curies":[{"name":"wp","href":"https:\/\/api.w.org\/{rel}","templated":true}]}}